{"id":7555,"date":"2025-02-14T14:50:16","date_gmt":"2025-02-14T14:50:16","guid":{"rendered":"https:\/\/odigo-dm.com\/rejoignez-notre-equipe\/"},"modified":"2025-09-03T07:05:29","modified_gmt":"2025-09-03T07:05:29","slug":"sluit-je-aan-bij-ons-team","status":"publish","type":"page","link":"https:\/\/odigo-dm.com\/nl\/sluit-je-aan-bij-ons-team\/","title":{"rendered":"Sluit je aan bij ons team"},"content":{"rendered":"\t\t<div data-elementor-type=\"wp-page\" data-elementor-id=\"7555\" class=\"elementor elementor-7555 elementor-3848\" data-elementor-post-type=\"page\">\n\t\t\t\t\t\t<section class=\"elementor-section elementor-top-section elementor-element elementor-element-48fc785 elementor-section-boxed elementor-section-height-default elementor-section-height-default\" data-id=\"48fc785\" data-element_type=\"section\" data-e-type=\"section\" data-settings=\"{&quot;background_background&quot;:&quot;classic&quot;}\">\n\t\t\t\t\t\t<div class=\"elementor-container elementor-column-gap-default\">\n\t\t\t\t\t<div class=\"aux-parallax-section elementor-column elementor-col-100 elementor-top-column elementor-element elementor-element-c4ae083\" data-id=\"c4ae083\" data-element_type=\"column\" data-e-type=\"column\">\n\t\t\t<div class=\"elementor-widget-wrap elementor-element-populated\">\n\t\t\t\t\t\t<div class=\"elementor-element elementor-element-f20c10f aux-appear-watch-animation aux-fade-in-up-1 elementor-widget elementor-widget-aux_modern_heading\" data-id=\"f20c10f\" data-element_type=\"widget\" data-e-type=\"widget\" data-widget_type=\"aux_modern_heading.default\">\n\t\t\t\t<div class=\"elementor-widget-container\">\n\t\t\t\t\t<section class=\"aux-widget-modern-heading\">\n            <div class=\"aux-widget-inner\"><p class=\"aux-modern-heading-primary\"><\/p><h5 class=\"aux-modern-heading-secondary\"><span class=\"aux-head-before\">Sluit je aan bij ons team!<\/span><\/h5><\/div>\n        <\/section>\t\t\t\t<\/div>\n\t\t\t\t<\/div>\n\t\t\t\t\t<\/div>\n\t\t<\/div>\n\t\t\t\t\t<\/div>\n\t\t<\/section>\n\t\t\t\t<section class=\"elementor-section elementor-top-section elementor-element elementor-element-2e76f8f elementor-section-content-middle elementor-hidden-desktop elementor-hidden-tablet elementor-hidden-mobile elementor-section-boxed elementor-section-height-default elementor-section-height-default\" data-id=\"2e76f8f\" data-element_type=\"section\" data-e-type=\"section\">\n\t\t\t\t\t\t<div class=\"elementor-container elementor-column-gap-no\">\n\t\t\t\t\t<div class=\"aux-parallax-section elementor-column elementor-col-50 elementor-top-column elementor-element elementor-element-2d6a1ba\" data-id=\"2d6a1ba\" data-element_type=\"column\" data-e-type=\"column\" data-settings=\"{&quot;background_background&quot;:&quot;classic&quot;}\">\n\t\t\t<div class=\"elementor-widget-wrap elementor-element-populated\">\n\t\t\t\t\t\t<div class=\"elementor-element elementor-element-44fca28 elementor-widget__width-auto icon-portfolio2 elementor-view-default elementor-widget elementor-widget-icon\" data-id=\"44fca28\" data-element_type=\"widget\" data-e-type=\"widget\" data-widget_type=\"icon.default\">\n\t\t\t\t<div class=\"elementor-widget-container\">\n\t\t\t\t\t\t\t<div class=\"elementor-icon-wrapper\">\n\t\t\t<div class=\"elementor-icon\">\n\t\t\t\t\t\t<\/div>\n\t\t<\/div>\n\t\t\t\t\t\t<\/div>\n\t\t\t\t<\/div>\n\t\t\t\t<div class=\"aux-scroll-anim elementor-element elementor-element-a69c3d9 elementor-widget elementor-widget-aux_image\" data-move-in=\"rotateIn\" data-move-out=\"\" data-axis-x=\"200\" data-axis-y=\"200\" data-rotate=\"7\" data-scale=\"1\" data-vp-top=\"0.2\" data-vp-bot=\"0.5\" data-el-top=\"0.2\" data-scroll-animation-off=\"1024\" data-id=\"a69c3d9\" data-element_type=\"widget\" data-e-type=\"widget\" data-widget_type=\"aux_image.default\">\n\t\t\t\t<div class=\"elementor-widget-container\">\n\t\t\t\t\t<section class=\"widget-container aux-widget-image aux-alignnone aux-parent-au0a8fb3da\">\n    <div class=\"aux-media-hint-frame \">\n        <div class=\"aux-media-image \" >\n        \n            \n\n            \n            <img loading=\"lazy\" decoding=\"async\" loading=\"lazy\" width=\"748\" height=\"840\" src=\"https:\/\/odigo-dm.com\/wp-content\/uploads\/2024\/12\/odigo-ciel.jpg\" class=\"aux-attachment aux-featured-image aux-attachment-id-1051\" alt=\"ODIGO - Simply Different\" data-ratio=\"0.89\" data-original-w=\"748\" \/>            \n                <\/div>\n    <\/div>\n\n<\/section><!-- widget-container -->\t\t\t\t<\/div>\n\t\t\t\t<\/div>\n\t\t\t\t\t<\/div>\n\t\t<\/div>\n\t\t\t\t<div class=\"aux-parallax-section elementor-column elementor-col-50 elementor-top-column elementor-element elementor-element-2456db8\" data-id=\"2456db8\" data-element_type=\"column\" data-e-type=\"column\">\n\t\t\t<div class=\"elementor-widget-wrap elementor-element-populated\">\n\t\t\t\t\t\t<div class=\"elementor-element elementor-element-bb4d617 aux-appear-watch-animation aux-fade-in-up-1 elementor-widget elementor-widget-aux_modern_heading\" data-id=\"bb4d617\" data-element_type=\"widget\" data-e-type=\"widget\" data-widget_type=\"aux_modern_heading.default\">\n\t\t\t\t<div class=\"elementor-widget-container\">\n\t\t\t\t\t<section class=\"aux-widget-modern-heading\">\n            <div class=\"aux-widget-inner\"><p class=\"aux-modern-heading-primary\"><\/p><h5 class=\"aux-modern-heading-secondary\"><span class=\"aux-head-before\">Profil recherch\u00e9<br><\/span><span class=\"aux-head-highlight\">Un(e) Coordinateur Marketing et Communication<\/span><\/h5><\/div>\n        <\/section>\t\t\t\t<\/div>\n\t\t\t\t<\/div>\n\t\t\t\t<div class=\"elementor-element elementor-element-e1f3c40 elementor-widget elementor-widget-accordion\" data-id=\"e1f3c40\" data-element_type=\"widget\" data-e-type=\"widget\" data-widget_type=\"accordion.default\">\n\t\t\t\t<div class=\"elementor-widget-container\">\n\t\t\t\t\t\t\t<div class=\"elementor-accordion\">\n\t\t\t\t\t\t\t<div class=\"elementor-accordion-item\">\n\t\t\t\t\t<div id=\"elementor-tab-title-2361\" class=\"elementor-tab-title\" data-tab=\"1\" role=\"button\" aria-controls=\"elementor-tab-content-2361\" aria-expanded=\"false\">\n\t\t\t\t\t\t\t\t\t\t\t\t\t<span class=\"elementor-accordion-icon elementor-accordion-icon-left\" aria-hidden=\"true\">\n\t\t\t\t\t\t\t\t\t\t\t\t\t\t\t<span class=\"elementor-accordion-icon-closed\"><i class=\"fas fa-plus\"><\/i><\/span>\n\t\t\t\t\t\t\t\t<span class=\"elementor-accordion-icon-opened\"><i class=\"fas fa-minus\"><\/i><\/span>\n\t\t\t\t\t\t\t\t\t\t\t\t\t\t<\/span>\n\t\t\t\t\t\t\t\t\t\t\t\t<a class=\"elementor-accordion-title\" tabindex=\"0\">FONCTION<\/a>\n\t\t\t\t\t<\/div>\n\t\t\t\t\t<div id=\"elementor-tab-content-2361\" class=\"elementor-tab-content elementor-clearfix\" data-tab=\"1\" role=\"region\" aria-labelledby=\"elementor-tab-title-2361\"><p>Vous serez charg\u00e9 de d\u00e9velopper, de mettre en \u0153uvre des strat\u00e9gies marketing et de communication afin de promouvoir notre marque, am\u00e9liorer notre visibilit\u00e9 sur le march\u00e9, augmenter l&#8217;engagement des clients, et soutenir notre communication interne.<\/p><p>Vos fonctions sont les suivantes :<\/p><p>&#8211; Planification et ex\u00e9cution de campagnes : D\u00e9velopper et ex\u00e9cuter des campagnes de marketing digital (ou traditionnel) pour promouvoir nos produits\/services et g\u00e9n\u00e9rer des leads.<br \/>&#8211; Gestion des m\u00e9dias sociaux : Cr\u00e9er et g\u00e9rer tous les contenus publi\u00e9s (images, vid\u00e9o et \u00e9crit).<br \/>\u2010 Communication externe et interne : R\u00e9diger des newsletters, des communiqu\u00e9s de presse, et d&#8217;autres mat\u00e9riaux de communication pour promouvoir les initiatives de l&#8217;entreprise. G\u00e9rer la communication interne pour assurer une diffusion coh\u00e9rente des informations au sein de l&#8217;organisation.<br \/>\u2010 Analyse des performances : Suivre et analyser les performances des diff\u00e9rentes campagnes marketing et rapporter sur les retours et les engagements obtenus.<br \/>\u00c9v\u00e9nementiel : Coordonner l&#8217;organisation de salons professionnels et d&#8217;\u00e9v\u00e9nements de r\u00e9seautage. \u2010 Collaboration interd\u00e9partementale : Travailler en \u00e9troite collaboration avec d&#8217;autres d\u00e9partements pour s&#8217;assurer que les strat\u00e9gies marketing s\u2019alignent avec les objectifs globaux de l&#8217;entreprise.<br \/>\u2010 Cr\u00e9ation de Leads : Utiliser des techniques de marketing innovantes pour identifier et cultiver des leads potentiels pour les ventes.<\/p><\/div>\n\t\t\t\t<\/div>\n\t\t\t\t\t\t\t<div class=\"elementor-accordion-item\">\n\t\t\t\t\t<div id=\"elementor-tab-title-2362\" class=\"elementor-tab-title\" data-tab=\"2\" role=\"button\" aria-controls=\"elementor-tab-content-2362\" aria-expanded=\"false\">\n\t\t\t\t\t\t\t\t\t\t\t\t\t<span class=\"elementor-accordion-icon elementor-accordion-icon-left\" aria-hidden=\"true\">\n\t\t\t\t\t\t\t\t\t\t\t\t\t\t\t<span class=\"elementor-accordion-icon-closed\"><i class=\"fas fa-plus\"><\/i><\/span>\n\t\t\t\t\t\t\t\t<span class=\"elementor-accordion-icon-opened\"><i class=\"fas fa-minus\"><\/i><\/span>\n\t\t\t\t\t\t\t\t\t\t\t\t\t\t<\/span>\n\t\t\t\t\t\t\t\t\t\t\t\t<a class=\"elementor-accordion-title\" tabindex=\"0\">PROFIL<\/a>\n\t\t\t\t\t<\/div>\n\t\t\t\t\t<div id=\"elementor-tab-content-2362\" class=\"elementor-tab-content elementor-clearfix\" data-tab=\"2\" role=\"region\" aria-labelledby=\"elementor-tab-title-2362\"><p>Vous poss\u00e9dez un dipl\u00f4me en Marketing et communication et vous justifiez d\u2019une bonne exp\u00e9rience en marketing digital et gestion des r\u00e9seaux sociaux. Vous pr\u00e9sentez d\u2019excellentes capacit\u00e9s r\u00e9dactionnelles en fran\u00e7ais, n\u00e9erlandais et anglais. Vous maitrisez les outils de marketing digital (ex. CRM, plateformes de m\u00e9dias sociaux, Google Analytics). Vous avez la capacit\u00e9 \u00e0 travailler sous pression et \u00e0 respecter des d\u00e9lais stricts.<\/p><p>Vous savez faire preuve de cr\u00e9ativit\u00e9 et avez la capacit\u00e9 de g\u00e9n\u00e9rer des id\u00e9es innovantes. Vous savez g\u00e9rer votre temps et savez prioriser les t\u00e2ches. Vous \u00eates minutieuse et pr\u00e9sentez des comp\u00e9tences interpersonnelles adapt\u00e9es \u00e0 la communication interne.<\/p><\/div>\n\t\t\t\t<\/div>\n\t\t\t\t\t\t\t<div class=\"elementor-accordion-item\">\n\t\t\t\t\t<div id=\"elementor-tab-title-2363\" class=\"elementor-tab-title\" data-tab=\"3\" role=\"button\" aria-controls=\"elementor-tab-content-2363\" aria-expanded=\"false\">\n\t\t\t\t\t\t\t\t\t\t\t\t\t<span class=\"elementor-accordion-icon elementor-accordion-icon-left\" aria-hidden=\"true\">\n\t\t\t\t\t\t\t\t\t\t\t\t\t\t\t<span class=\"elementor-accordion-icon-closed\"><i class=\"fas fa-plus\"><\/i><\/span>\n\t\t\t\t\t\t\t\t<span class=\"elementor-accordion-icon-opened\"><i class=\"fas fa-minus\"><\/i><\/span>\n\t\t\t\t\t\t\t\t\t\t\t\t\t\t<\/span>\n\t\t\t\t\t\t\t\t\t\t\t\t<a class=\"elementor-accordion-title\" tabindex=\"0\">NOUS OFFRONS<\/a>\n\t\t\t\t\t<\/div>\n\t\t\t\t\t<div id=\"elementor-tab-content-2363\" class=\"elementor-tab-content elementor-clearfix\" data-tab=\"3\" role=\"region\" aria-labelledby=\"elementor-tab-title-2363\"><p>\u2010 CDD, \u00e9volutif vers un CDI<br \/>\u2010 R\u00e9gime de travail : temps plein<br \/>\u2010 R\u00e9mun\u00e9ration attrayante avec avantages extra\u2010l\u00e9gaux.<\/p><\/div>\n\t\t\t\t<\/div>\n\t\t\t\t\t\t\t<div class=\"elementor-accordion-item\">\n\t\t\t\t\t<div id=\"elementor-tab-title-2364\" class=\"elementor-tab-title\" data-tab=\"4\" role=\"button\" aria-controls=\"elementor-tab-content-2364\" aria-expanded=\"false\">\n\t\t\t\t\t\t\t\t\t\t\t\t\t<span class=\"elementor-accordion-icon elementor-accordion-icon-left\" aria-hidden=\"true\">\n\t\t\t\t\t\t\t\t\t\t\t\t\t\t\t<span class=\"elementor-accordion-icon-closed\"><i class=\"fas fa-plus\"><\/i><\/span>\n\t\t\t\t\t\t\t\t<span class=\"elementor-accordion-icon-opened\"><i class=\"fas fa-minus\"><\/i><\/span>\n\t\t\t\t\t\t\t\t\t\t\t\t\t\t<\/span>\n\t\t\t\t\t\t\t\t\t\t\t\t<a class=\"elementor-accordion-title\" tabindex=\"0\">CONTACT<\/a>\n\t\t\t\t\t<\/div>\n\t\t\t\t\t<div id=\"elementor-tab-content-2364\" class=\"elementor-tab-content elementor-clearfix\" data-tab=\"4\" role=\"region\" aria-labelledby=\"elementor-tab-title-2364\"><p>Veuillez envoyer votre candidature (CV et lettre de motivation) par mail.<br \/>VPRINT \u2013 Mr Ngoma Thierry (Directeur) \u2010 thierry@vprint.be<\/p><\/div>\n\t\t\t\t<\/div>\n\t\t\t\t\t\t\t\t<\/div>\n\t\t\t\t\t\t<\/div>\n\t\t\t\t<\/div>\n\t\t\t\t<div class=\"elementor-element elementor-element-4592fba elementor-widget__width-auto elementor-hidden-desktop elementor-hidden-tablet elementor-hidden-mobile elementor-widget elementor-widget-aux_modern_button\" data-id=\"4592fba\" data-element_type=\"widget\" data-e-type=\"widget\" data-widget_type=\"aux_modern_button.default\">\n\t\t\t\t<div class=\"elementor-widget-container\">\n\t\t\t\t\t    <div class=\"aux-modern-button-wrapper aux-modern-button-align-left\" >\n                    <a class=\"aux-modern-button aux-black aux-modern-button-md aux-modern-button-normal aux-modern-button-default aux-icon-\" href=\"\/contact\">\n                <div class=\"aux-overlay\"><\/div>\n                                    <div class=\"aux-icon \">\n                                            <\/div>\n                                <div class=\"aux-text\">\n<span class=\"aux-text-before\">Contactez-nous<\/span>                <\/div>\n            <\/a>\n            \n    <\/div>\n\n    \t\t\t\t<\/div>\n\t\t\t\t<\/div>\n\t\t\t\t\t<\/div>\n\t\t<\/div>\n\t\t\t\t\t<\/div>\n\t\t<\/section>\n\t\t\t\t<section class=\"elementor-section elementor-top-section elementor-element elementor-element-d8edc29 elementor-section-boxed elementor-section-height-default elementor-section-height-default\" data-id=\"d8edc29\" data-element_type=\"section\" data-e-type=\"section\" data-settings=\"{&quot;background_background&quot;:&quot;classic&quot;}\">\n\t\t\t\t\t\t<div class=\"elementor-container elementor-column-gap-no\">\n\t\t\t\t\t<div class=\"aux-parallax-section elementor-column elementor-col-100 elementor-top-column elementor-element elementor-element-f296944\" data-id=\"f296944\" data-element_type=\"column\" data-e-type=\"column\">\n\t\t\t<div class=\"elementor-widget-wrap elementor-element-populated\">\n\t\t\t\t\t\t<div class=\"elementor-element elementor-element-54b8c8f aux-appear-watch-animation aux-fade-in-up-1 elementor-widget elementor-widget-aux_modern_heading\" data-id=\"54b8c8f\" data-element_type=\"widget\" data-e-type=\"widget\" data-widget_type=\"aux_modern_heading.default\">\n\t\t\t\t<div class=\"elementor-widget-container\">\n\t\t\t\t\t<section class=\"aux-widget-modern-heading\">\n            <div class=\"aux-widget-inner\"><p class=\"aux-modern-heading-primary\">Spontane sollicitatie<\/p><h5 class=\"aux-modern-heading-secondary\"><span class=\"aux-head-highlight\">Kom bij ons werken<\/span><\/h5><div class=\"aux-modern-heading-description\"><p>ODIGO is regelmatig op zoek naar nieuwe profielen om ons team aan te vullen en te versterken.<br \/>Aarzel niet om ons je spontane sollicitaties te sturen.<\/p><\/div><\/div>\n        <\/section>\t\t\t\t<\/div>\n\t\t\t\t<\/div>\n\t\t\t\t<div class=\"elementor-element elementor-element-f769e2f elementor-widget__width-auto elementor-widget elementor-widget-aux_modern_button\" data-id=\"f769e2f\" data-element_type=\"widget\" data-e-type=\"widget\" data-widget_type=\"aux_modern_button.default\">\n\t\t\t\t<div class=\"elementor-widget-container\">\n\t\t\t\t\t    <div class=\"aux-modern-button-wrapper aux-modern-button-align-center\" >\n                    <a class=\"aux-modern-button aux-black aux-modern-button-md aux-modern-button-normal aux-modern-button-default aux-icon-\" href=\"mailto:jobs@odigo-dm.com\">\n                <div class=\"aux-overlay\"><\/div>\n                                    <div class=\"aux-icon \">\n                                            <\/div>\n                                <div class=\"aux-text\">\n<span class=\"aux-text-before\">Ik solliciteer<\/span>                <\/div>\n            <\/a>\n            \n    <\/div>\n\n    \t\t\t\t<\/div>\n\t\t\t\t<\/div>\n\t\t\t\t\t<\/div>\n\t\t<\/div>\n\t\t\t\t\t<\/div>\n\t\t<\/section>\n\t\t\t\t<\/div>\n\t\t","protected":false},"excerpt":{"rendered":"<p>Sluit je aan bij ons team! Profil recherch\u00e9Un(e) Coordinateur Marketing et Communication FONCTION Vous serez charg\u00e9 de d\u00e9velopper, de mettre en \u0153uvre des strat\u00e9gies marketing et de communication afin de promouvoir notre marque, am\u00e9liorer notre visibilit\u00e9 sur le march\u00e9, augmenter l&rsquo;engagement des clients, et soutenir notre communication interne. Vos fonctions sont les suivantes : &#8211; [&hellip;]<\/p>\n","protected":false},"author":2,"featured_media":0,"parent":0,"menu_order":0,"comment_status":"closed","ping_status":"closed","template":"templates\/page-builder-content.php","meta":{"_acf_changed":false,"footnotes":"","_links_to":"","_links_to_target":""},"class_list":["post-7555","page","type-page","status-publish","hentry"],"acf":[],"yoast_head":"<!-- This site is optimized with the Yoast SEO plugin v27.4 - https:\/\/yoast.com\/product\/yoast-seo-wordpress\/ -->\n<title>Sluit je aan bij ons team - ODIGO<\/title>\n<meta name=\"robots\" content=\"index, follow, max-snippet:-1, max-image-preview:large, max-video-preview:-1\" \/>\n<link rel=\"canonical\" href=\"https:\/\/odigo-dm.com\/nl\/sluit-je-aan-bij-ons-team\/\" \/>\n<meta property=\"og:locale\" content=\"nl_NL\" \/>\n<meta property=\"og:type\" content=\"article\" \/>\n<meta property=\"og:title\" content=\"Sluit je aan bij ons team - ODIGO\" \/>\n<meta property=\"og:description\" content=\"Sluit je aan bij ons team! Profil recherch\u00e9Un(e) Coordinateur Marketing et Communication FONCTION Vous serez charg\u00e9 de d\u00e9velopper, de mettre en \u0153uvre des strat\u00e9gies marketing et de communication afin de promouvoir notre marque, am\u00e9liorer notre visibilit\u00e9 sur le march\u00e9, augmenter l&rsquo;engagement des clients, et soutenir notre communication interne. Vos fonctions sont les suivantes : &#8211; [&hellip;]\" \/>\n<meta property=\"og:url\" content=\"https:\/\/odigo-dm.com\/nl\/sluit-je-aan-bij-ons-team\/\" \/>\n<meta property=\"og:site_name\" content=\"ODIGO\" \/>\n<meta property=\"article:modified_time\" content=\"2025-09-03T07:05:29+00:00\" \/>\n<meta property=\"og:image\" content=\"https:\/\/odigo-dm.com\/wp-content\/uploads\/2024\/12\/odigo-ciel.jpg\" \/>\n<meta name=\"twitter:card\" content=\"summary_large_image\" \/>\n<meta name=\"twitter:label1\" content=\"Geschatte leestijd\" \/>\n\t<meta name=\"twitter:data1\" content=\"3 minuten\" \/>\n<script type=\"application\/ld+json\" class=\"yoast-schema-graph\">{\"@context\":\"https:\\\/\\\/schema.org\",\"@graph\":[{\"@type\":\"WebPage\",\"@id\":\"https:\\\/\\\/odigo-dm.com\\\/nl\\\/sluit-je-aan-bij-ons-team\\\/\",\"url\":\"https:\\\/\\\/odigo-dm.com\\\/nl\\\/sluit-je-aan-bij-ons-team\\\/\",\"name\":\"Sluit je aan bij ons team - ODIGO\",\"isPartOf\":{\"@id\":\"https:\\\/\\\/odigo-dm.com\\\/nl\\\/#website\"},\"primaryImageOfPage\":{\"@id\":\"https:\\\/\\\/odigo-dm.com\\\/nl\\\/sluit-je-aan-bij-ons-team\\\/#primaryimage\"},\"image\":{\"@id\":\"https:\\\/\\\/odigo-dm.com\\\/nl\\\/sluit-je-aan-bij-ons-team\\\/#primaryimage\"},\"thumbnailUrl\":\"https:\\\/\\\/odigo-dm.com\\\/wp-content\\\/uploads\\\/2024\\\/12\\\/odigo-ciel.jpg\",\"datePublished\":\"2025-02-14T14:50:16+00:00\",\"dateModified\":\"2025-09-03T07:05:29+00:00\",\"breadcrumb\":{\"@id\":\"https:\\\/\\\/odigo-dm.com\\\/nl\\\/sluit-je-aan-bij-ons-team\\\/#breadcrumb\"},\"inLanguage\":\"nl-NL\",\"potentialAction\":[{\"@type\":\"ReadAction\",\"target\":[\"https:\\\/\\\/odigo-dm.com\\\/nl\\\/sluit-je-aan-bij-ons-team\\\/\"]}]},{\"@type\":\"ImageObject\",\"inLanguage\":\"nl-NL\",\"@id\":\"https:\\\/\\\/odigo-dm.com\\\/nl\\\/sluit-je-aan-bij-ons-team\\\/#primaryimage\",\"url\":\"https:\\\/\\\/odigo-dm.com\\\/wp-content\\\/uploads\\\/2024\\\/12\\\/odigo-ciel.jpg\",\"contentUrl\":\"https:\\\/\\\/odigo-dm.com\\\/wp-content\\\/uploads\\\/2024\\\/12\\\/odigo-ciel.jpg\"},{\"@type\":\"BreadcrumbList\",\"@id\":\"https:\\\/\\\/odigo-dm.com\\\/nl\\\/sluit-je-aan-bij-ons-team\\\/#breadcrumb\",\"itemListElement\":[{\"@type\":\"ListItem\",\"position\":1,\"name\":\"Accueil\",\"item\":\"https:\\\/\\\/odigo-dm.com\\\/nl\\\/\"},{\"@type\":\"ListItem\",\"position\":2,\"name\":\"Sluit je aan bij ons team\"}]},{\"@type\":\"WebSite\",\"@id\":\"https:\\\/\\\/odigo-dm.com\\\/nl\\\/#website\",\"url\":\"https:\\\/\\\/odigo-dm.com\\\/nl\\\/\",\"name\":\"ODIGO\",\"description\":\"Simply Different.\",\"potentialAction\":[{\"@type\":\"SearchAction\",\"target\":{\"@type\":\"EntryPoint\",\"urlTemplate\":\"https:\\\/\\\/odigo-dm.com\\\/nl\\\/?s={search_term_string}\"},\"query-input\":{\"@type\":\"PropertyValueSpecification\",\"valueRequired\":true,\"valueName\":\"search_term_string\"}}],\"inLanguage\":\"nl-NL\"}]}<\/script>\n<!-- \/ Yoast SEO plugin. -->","yoast_head_json":{"title":"Sluit je aan bij ons team - ODIGO","robots":{"index":"index","follow":"follow","max-snippet":"max-snippet:-1","max-image-preview":"max-image-preview:large","max-video-preview":"max-video-preview:-1"},"canonical":"https:\/\/odigo-dm.com\/nl\/sluit-je-aan-bij-ons-team\/","og_locale":"nl_NL","og_type":"article","og_title":"Sluit je aan bij ons team - ODIGO","og_description":"Sluit je aan bij ons team! Profil recherch\u00e9Un(e) Coordinateur Marketing et Communication FONCTION Vous serez charg\u00e9 de d\u00e9velopper, de mettre en \u0153uvre des strat\u00e9gies marketing et de communication afin de promouvoir notre marque, am\u00e9liorer notre visibilit\u00e9 sur le march\u00e9, augmenter l&rsquo;engagement des clients, et soutenir notre communication interne. Vos fonctions sont les suivantes : &#8211; [&hellip;]","og_url":"https:\/\/odigo-dm.com\/nl\/sluit-je-aan-bij-ons-team\/","og_site_name":"ODIGO","article_modified_time":"2025-09-03T07:05:29+00:00","og_image":[{"url":"https:\/\/odigo-dm.com\/wp-content\/uploads\/2024\/12\/odigo-ciel.jpg","type":"","width":"","height":""}],"twitter_card":"summary_large_image","twitter_misc":{"Geschatte leestijd":"3 minuten"},"schema":{"@context":"https:\/\/schema.org","@graph":[{"@type":"WebPage","@id":"https:\/\/odigo-dm.com\/nl\/sluit-je-aan-bij-ons-team\/","url":"https:\/\/odigo-dm.com\/nl\/sluit-je-aan-bij-ons-team\/","name":"Sluit je aan bij ons team - ODIGO","isPartOf":{"@id":"https:\/\/odigo-dm.com\/nl\/#website"},"primaryImageOfPage":{"@id":"https:\/\/odigo-dm.com\/nl\/sluit-je-aan-bij-ons-team\/#primaryimage"},"image":{"@id":"https:\/\/odigo-dm.com\/nl\/sluit-je-aan-bij-ons-team\/#primaryimage"},"thumbnailUrl":"https:\/\/odigo-dm.com\/wp-content\/uploads\/2024\/12\/odigo-ciel.jpg","datePublished":"2025-02-14T14:50:16+00:00","dateModified":"2025-09-03T07:05:29+00:00","breadcrumb":{"@id":"https:\/\/odigo-dm.com\/nl\/sluit-je-aan-bij-ons-team\/#breadcrumb"},"inLanguage":"nl-NL","potentialAction":[{"@type":"ReadAction","target":["https:\/\/odigo-dm.com\/nl\/sluit-je-aan-bij-ons-team\/"]}]},{"@type":"ImageObject","inLanguage":"nl-NL","@id":"https:\/\/odigo-dm.com\/nl\/sluit-je-aan-bij-ons-team\/#primaryimage","url":"https:\/\/odigo-dm.com\/wp-content\/uploads\/2024\/12\/odigo-ciel.jpg","contentUrl":"https:\/\/odigo-dm.com\/wp-content\/uploads\/2024\/12\/odigo-ciel.jpg"},{"@type":"BreadcrumbList","@id":"https:\/\/odigo-dm.com\/nl\/sluit-je-aan-bij-ons-team\/#breadcrumb","itemListElement":[{"@type":"ListItem","position":1,"name":"Accueil","item":"https:\/\/odigo-dm.com\/nl\/"},{"@type":"ListItem","position":2,"name":"Sluit je aan bij ons team"}]},{"@type":"WebSite","@id":"https:\/\/odigo-dm.com\/nl\/#website","url":"https:\/\/odigo-dm.com\/nl\/","name":"ODIGO","description":"Simply Different.","potentialAction":[{"@type":"SearchAction","target":{"@type":"EntryPoint","urlTemplate":"https:\/\/odigo-dm.com\/nl\/?s={search_term_string}"},"query-input":{"@type":"PropertyValueSpecification","valueRequired":true,"valueName":"search_term_string"}}],"inLanguage":"nl-NL"}]}},"_links":{"self":[{"href":"https:\/\/odigo-dm.com\/nl\/wp-json\/wp\/v2\/pages\/7555","targetHints":{"allow":["GET"]}}],"collection":[{"href":"https:\/\/odigo-dm.com\/nl\/wp-json\/wp\/v2\/pages"}],"about":[{"href":"https:\/\/odigo-dm.com\/nl\/wp-json\/wp\/v2\/types\/page"}],"author":[{"embeddable":true,"href":"https:\/\/odigo-dm.com\/nl\/wp-json\/wp\/v2\/users\/2"}],"replies":[{"embeddable":true,"href":"https:\/\/odigo-dm.com\/nl\/wp-json\/wp\/v2\/comments?post=7555"}],"version-history":[{"count":6,"href":"https:\/\/odigo-dm.com\/nl\/wp-json\/wp\/v2\/pages\/7555\/revisions"}],"predecessor-version":[{"id":7933,"href":"https:\/\/odigo-dm.com\/nl\/wp-json\/wp\/v2\/pages\/7555\/revisions\/7933"}],"wp:attachment":[{"href":"https:\/\/odigo-dm.com\/nl\/wp-json\/wp\/v2\/media?parent=7555"}],"curies":[{"name":"wp","href":"https:\/\/api.w.org\/{rel}","templated":true}]}}