{"id":7547,"date":"2025-01-23T09:34:18","date_gmt":"2025-01-23T09:34:18","guid":{"rendered":"https:\/\/odigo-dm.com\/contact\/"},"modified":"2025-08-29T10:16:15","modified_gmt":"2025-08-29T10:16:15","slug":"contact","status":"publish","type":"page","link":"https:\/\/odigo-dm.com\/nl\/contact\/","title":{"rendered":"Contact"},"content":{"rendered":"\t\t<div data-elementor-type=\"wp-page\" data-elementor-id=\"7547\" class=\"elementor elementor-7547 elementor-2548\" data-elementor-post-type=\"page\">\n\t\t\t\t\t\t<section class=\"elementor-section elementor-top-section elementor-element elementor-element-dbb8c89 elementor-section-boxed elementor-section-height-default elementor-section-height-default\" data-id=\"dbb8c89\" data-element_type=\"section\" data-e-type=\"section\" data-settings=\"{&quot;background_background&quot;:&quot;gradient&quot;}\">\n\t\t\t\t\t\t<div class=\"elementor-container elementor-column-gap-default\">\n\t\t\t\t\t<div class=\"aux-parallax-section elementor-column elementor-col-100 elementor-top-column elementor-element elementor-element-061848d\" data-id=\"061848d\" data-element_type=\"column\" data-e-type=\"column\">\n\t\t\t<div class=\"elementor-widget-wrap elementor-element-populated\">\n\t\t\t\t\t\t<div class=\"elementor-element elementor-element-7acac54 aux-appear-watch-animation aux-fade-in-up-1 elementor-widget elementor-widget-aux_modern_heading\" data-id=\"7acac54\" data-element_type=\"widget\" data-e-type=\"widget\" data-widget_type=\"aux_modern_heading.default\">\n\t\t\t\t<div class=\"elementor-widget-container\">\n\t\t\t\t\t<section class=\"aux-widget-modern-heading\">\n            <div class=\"aux-widget-inner\"><p class=\"aux-modern-heading-primary\"><\/p><h5 class=\"aux-modern-heading-secondary\"><span class=\"aux-head-before\">Laten we contact houden<\/span><\/h5><\/div>\n        <\/section>\t\t\t\t<\/div>\n\t\t\t\t<\/div>\n\t\t\t\t\t<\/div>\n\t\t<\/div>\n\t\t\t\t\t<\/div>\n\t\t<\/section>\n\t\t\t\t<section class=\"elementor-section elementor-top-section elementor-element elementor-element-d10c0b8 elementor-section-boxed elementor-section-height-default elementor-section-height-default\" data-id=\"d10c0b8\" data-element_type=\"section\" data-e-type=\"section\">\n\t\t\t\t\t\t\t<div class=\"elementor-background-overlay\"><\/div>\n\t\t\t\t\t\t\t<div class=\"elementor-container elementor-column-gap-no\">\n\t\t\t\t\t<div class=\"aux-parallax-section elementor-column elementor-col-100 elementor-top-column elementor-element elementor-element-6b49e50\" data-id=\"6b49e50\" data-element_type=\"column\" data-e-type=\"column\">\n\t\t\t<div class=\"elementor-widget-wrap elementor-element-populated\">\n\t\t\t\t\t\t<div class=\"elementor-element elementor-element-b3bfeb1 elementor-widget elementor-widget-aux_contact_form\" data-id=\"b3bfeb1\" data-element_type=\"widget\" data-e-type=\"widget\" data-widget_type=\"aux_contact_form.default\">\n\t\t\t\t<div class=\"elementor-widget-container\">\n\t\t\t\t\t<section class=\"widget-container aux-widget-contact-form aux-parent-aue8151cbe\">            <div class=\"aux-col-wrapper aux-no-gutter\">\n            <!-- @TODO - The output for element here -->\n\n            \n<div class=\"wpcf7 no-js\" id=\"wpcf7-f7616-o1\" lang=\"nl-NL\" dir=\"ltr\" data-wpcf7-id=\"7616\">\n<div class=\"screen-reader-response\"><p role=\"status\" aria-live=\"polite\" aria-atomic=\"true\"><\/p> <ul><\/ul><\/div>\n<form action=\"\/nl\/wp-json\/wp\/v2\/pages\/7547#wpcf7-f7616-o1\" method=\"post\" class=\"wpcf7-form init\" aria-label=\"Contactformulier\" novalidate=\"novalidate\" data-status=\"init\">\n<fieldset class=\"hidden-fields-container\"><input type=\"hidden\" name=\"_wpcf7\" value=\"7616\" \/><input type=\"hidden\" name=\"_wpcf7_version\" value=\"6.1.5\" \/><input type=\"hidden\" name=\"_wpcf7_locale\" value=\"nl_NL\" \/><input type=\"hidden\" name=\"_wpcf7_unit_tag\" value=\"wpcf7-f7616-o1\" \/><input type=\"hidden\" name=\"_wpcf7_container_post\" value=\"0\" \/><input type=\"hidden\" name=\"_wpcf7_posted_data_hash\" value=\"\" \/><input type=\"hidden\" name=\"_wpcf7_recaptcha_response\" value=\"\" \/>\n<\/fieldset>\n<div class=\"corporate-2\">\n\t<div class=\"corporate-part1\">\n\t\t<p><label class=\"label-left\">Volledige naam en voornaam*<span class=\"wpcf7-form-control-wrap\" data-name=\"nom\"><input size=\"40\" maxlength=\"400\" class=\"wpcf7-form-control wpcf7-text wpcf7-validates-as-required\" aria-required=\"true\" aria-invalid=\"false\" placeholder=\"Jean Dupont\" value=\"\" type=\"text\" name=\"nom\" \/><\/span> <\/label><br \/>\n<label>E-mailadres*<span class=\"wpcf7-form-control-wrap\" data-name=\"email\"><input size=\"40\" maxlength=\"400\" class=\"wpcf7-form-control wpcf7-email wpcf7-validates-as-required wpcf7-text wpcf7-validates-as-email\" aria-required=\"true\" aria-invalid=\"false\" placeholder=\"jean.dupont@email.com\" value=\"\" type=\"email\" name=\"email\" \/><\/span> <\/label><br \/>\n<label>Telefoonnummer*<span class=\"wpcf7-form-control-wrap\" data-name=\"tel\"><input size=\"40\" maxlength=\"400\" class=\"wpcf7-form-control wpcf7-tel wpcf7-validates-as-required wpcf7-text wpcf7-validates-as-tel\" aria-required=\"true\" aria-invalid=\"false\" placeholder=\"01 23 45 67 89\" value=\"\" type=\"tel\" name=\"tel\" \/><\/span> <\/label>\n\t\t<\/p>\n\t\t<p><label>Specifieke boodschap of behoefte <span class=\"wpcf7-form-control-wrap\" data-name=\"question\"><textarea cols=\"40\" rows=\"10\" maxlength=\"2000\" class=\"wpcf7-form-control wpcf7-textarea\" aria-invalid=\"false\" placeholder=\"Offerteaanvraag voor een direct marketingcampagne\" name=\"question\"><\/textarea><\/span><\/label>\n\t\t<\/p>\n\t\t<p><span class=\"wpcf7-form-control-wrap\" data-name=\"acceptance\"><span class=\"wpcf7-form-control wpcf7-acceptance\"><span class=\"wpcf7-list-item\"><label><input type=\"checkbox\" name=\"acceptance\" value=\"1\" aria-invalid=\"false\" \/><span class=\"wpcf7-list-item-label\">Ik ga akkoord met het gebruik van mijn persoonsgegevens in het kader van mijn aanvraag en bevestig dat ik kennis heb genomen van het privacybeleid.<\/span><\/label><\/span><\/span><\/span>\n\t\t<\/p>\n\t\t<p><input class=\"wpcf7-form-control wpcf7-submit has-spinner\" type=\"submit\" value=\"Mijn aanvraag verzenden\" \/>\n\t\t<\/p>\n\t<\/div>\n<\/div><div class=\"wpcf7-response-output\" aria-hidden=\"true\"><\/div>\n<\/form>\n<\/div>\n\n\n            <\/div><!-- aux-col-wrapper -->\n    <\/section><!-- widget-container -->\t\t\t\t<\/div>\n\t\t\t\t<\/div>\n\t\t\t\t\t<\/div>\n\t\t<\/div>\n\t\t\t\t\t<\/div>\n\t\t<\/section>\n\t\t\t\t<\/div>\n\t\t","protected":false},"excerpt":{"rendered":"<p>Laten we contact houden Nom et pr\u00e9nom complet* Adresse e-mail* Num\u00e9ro de t\u00e9l\u00e9phone* Message ou besoin sp\u00e9cifique J&#8217;accepte que mes donn\u00e9es personnelles soient utilis\u00e9es dans le cadre de ma demande et je confirme avoir pris connaissance de la politique de confidentialit\u00e9.<\/p>\n","protected":false},"author":6,"featured_media":0,"parent":0,"menu_order":0,"comment_status":"closed","ping_status":"closed","template":"templates\/page-builder-content.php","meta":{"_acf_changed":false,"footnotes":"","_links_to":"","_links_to_target":""},"class_list":["post-7547","page","type-page","status-publish","hentry"],"acf":[],"yoast_head":"<!-- This site is optimized with the Yoast SEO plugin v27.4 - https:\/\/yoast.com\/product\/yoast-seo-wordpress\/ -->\n<title>Contact - ODIGO<\/title>\n<meta name=\"robots\" content=\"index, follow, max-snippet:-1, max-image-preview:large, max-video-preview:-1\" \/>\n<link rel=\"canonical\" href=\"https:\/\/odigo-dm.com\/nl\/contact\/\" \/>\n<meta property=\"og:locale\" content=\"nl_NL\" \/>\n<meta property=\"og:type\" content=\"article\" \/>\n<meta property=\"og:title\" content=\"Contact - ODIGO\" \/>\n<meta property=\"og:description\" content=\"Laten we contact houden Nom et pr\u00e9nom complet* Adresse e-mail* Num\u00e9ro de t\u00e9l\u00e9phone* Message ou besoin sp\u00e9cifique J&#8217;accepte que mes donn\u00e9es personnelles soient utilis\u00e9es dans le cadre de ma demande et je confirme avoir pris connaissance de la politique de confidentialit\u00e9.\" \/>\n<meta property=\"og:url\" content=\"https:\/\/odigo-dm.com\/nl\/contact\/\" \/>\n<meta property=\"og:site_name\" content=\"ODIGO\" \/>\n<meta property=\"article:modified_time\" content=\"2025-08-29T10:16:15+00:00\" \/>\n<meta name=\"twitter:card\" content=\"summary_large_image\" \/>\n<meta name=\"twitter:label1\" content=\"Geschatte leestijd\" \/>\n\t<meta name=\"twitter:data1\" content=\"1 minuut\" \/>\n<script type=\"application\/ld+json\" class=\"yoast-schema-graph\">{\"@context\":\"https:\\\/\\\/schema.org\",\"@graph\":[{\"@type\":\"WebPage\",\"@id\":\"https:\\\/\\\/odigo-dm.com\\\/nl\\\/contact\\\/\",\"url\":\"https:\\\/\\\/odigo-dm.com\\\/nl\\\/contact\\\/\",\"name\":\"Contact - ODIGO\",\"isPartOf\":{\"@id\":\"https:\\\/\\\/odigo-dm.com\\\/nl\\\/#website\"},\"datePublished\":\"2025-01-23T09:34:18+00:00\",\"dateModified\":\"2025-08-29T10:16:15+00:00\",\"breadcrumb\":{\"@id\":\"https:\\\/\\\/odigo-dm.com\\\/nl\\\/contact\\\/#breadcrumb\"},\"inLanguage\":\"nl-NL\",\"potentialAction\":[{\"@type\":\"ReadAction\",\"target\":[\"https:\\\/\\\/odigo-dm.com\\\/nl\\\/contact\\\/\"]}]},{\"@type\":\"BreadcrumbList\",\"@id\":\"https:\\\/\\\/odigo-dm.com\\\/nl\\\/contact\\\/#breadcrumb\",\"itemListElement\":[{\"@type\":\"ListItem\",\"position\":1,\"name\":\"Accueil\",\"item\":\"https:\\\/\\\/odigo-dm.com\\\/nl\\\/\"},{\"@type\":\"ListItem\",\"position\":2,\"name\":\"Contact\"}]},{\"@type\":\"WebSite\",\"@id\":\"https:\\\/\\\/odigo-dm.com\\\/nl\\\/#website\",\"url\":\"https:\\\/\\\/odigo-dm.com\\\/nl\\\/\",\"name\":\"ODIGO\",\"description\":\"Simply Different.\",\"potentialAction\":[{\"@type\":\"SearchAction\",\"target\":{\"@type\":\"EntryPoint\",\"urlTemplate\":\"https:\\\/\\\/odigo-dm.com\\\/nl\\\/?s={search_term_string}\"},\"query-input\":{\"@type\":\"PropertyValueSpecification\",\"valueRequired\":true,\"valueName\":\"search_term_string\"}}],\"inLanguage\":\"nl-NL\"}]}<\/script>\n<!-- \/ Yoast SEO plugin. -->","yoast_head_json":{"title":"Contact - ODIGO","robots":{"index":"index","follow":"follow","max-snippet":"max-snippet:-1","max-image-preview":"max-image-preview:large","max-video-preview":"max-video-preview:-1"},"canonical":"https:\/\/odigo-dm.com\/nl\/contact\/","og_locale":"nl_NL","og_type":"article","og_title":"Contact - ODIGO","og_description":"Laten we contact houden Nom et pr\u00e9nom complet* Adresse e-mail* Num\u00e9ro de t\u00e9l\u00e9phone* Message ou besoin sp\u00e9cifique J&#8217;accepte que mes donn\u00e9es personnelles soient utilis\u00e9es dans le cadre de ma demande et je confirme avoir pris connaissance de la politique de confidentialit\u00e9.","og_url":"https:\/\/odigo-dm.com\/nl\/contact\/","og_site_name":"ODIGO","article_modified_time":"2025-08-29T10:16:15+00:00","twitter_card":"summary_large_image","twitter_misc":{"Geschatte leestijd":"1 minuut"},"schema":{"@context":"https:\/\/schema.org","@graph":[{"@type":"WebPage","@id":"https:\/\/odigo-dm.com\/nl\/contact\/","url":"https:\/\/odigo-dm.com\/nl\/contact\/","name":"Contact - ODIGO","isPartOf":{"@id":"https:\/\/odigo-dm.com\/nl\/#website"},"datePublished":"2025-01-23T09:34:18+00:00","dateModified":"2025-08-29T10:16:15+00:00","breadcrumb":{"@id":"https:\/\/odigo-dm.com\/nl\/contact\/#breadcrumb"},"inLanguage":"nl-NL","potentialAction":[{"@type":"ReadAction","target":["https:\/\/odigo-dm.com\/nl\/contact\/"]}]},{"@type":"BreadcrumbList","@id":"https:\/\/odigo-dm.com\/nl\/contact\/#breadcrumb","itemListElement":[{"@type":"ListItem","position":1,"name":"Accueil","item":"https:\/\/odigo-dm.com\/nl\/"},{"@type":"ListItem","position":2,"name":"Contact"}]},{"@type":"WebSite","@id":"https:\/\/odigo-dm.com\/nl\/#website","url":"https:\/\/odigo-dm.com\/nl\/","name":"ODIGO","description":"Simply Different.","potentialAction":[{"@type":"SearchAction","target":{"@type":"EntryPoint","urlTemplate":"https:\/\/odigo-dm.com\/nl\/?s={search_term_string}"},"query-input":{"@type":"PropertyValueSpecification","valueRequired":true,"valueName":"search_term_string"}}],"inLanguage":"nl-NL"}]}},"_links":{"self":[{"href":"https:\/\/odigo-dm.com\/nl\/wp-json\/wp\/v2\/pages\/7547","targetHints":{"allow":["GET"]}}],"collection":[{"href":"https:\/\/odigo-dm.com\/nl\/wp-json\/wp\/v2\/pages"}],"about":[{"href":"https:\/\/odigo-dm.com\/nl\/wp-json\/wp\/v2\/types\/page"}],"author":[{"embeddable":true,"href":"https:\/\/odigo-dm.com\/nl\/wp-json\/wp\/v2\/users\/6"}],"replies":[{"embeddable":true,"href":"https:\/\/odigo-dm.com\/nl\/wp-json\/wp\/v2\/comments?post=7547"}],"version-history":[{"count":4,"href":"https:\/\/odigo-dm.com\/nl\/wp-json\/wp\/v2\/pages\/7547\/revisions"}],"predecessor-version":[{"id":7703,"href":"https:\/\/odigo-dm.com\/nl\/wp-json\/wp\/v2\/pages\/7547\/revisions\/7703"}],"wp:attachment":[{"href":"https:\/\/odigo-dm.com\/nl\/wp-json\/wp\/v2\/media?parent=7547"}],"curies":[{"name":"wp","href":"https:\/\/api.w.org\/{rel}","templated":true}]}}