{"id":7400,"date":"2025-02-18T10:03:49","date_gmt":"2025-02-18T10:03:49","guid":{"rendered":"https:\/\/odigo-dm.com\/confidentialite\/"},"modified":"2025-08-04T11:33:43","modified_gmt":"2025-08-04T11:33:43","slug":"datenschutzerklaerung","status":"publish","type":"page","link":"https:\/\/odigo-dm.com\/de\/datenschutzerklaerung\/","title":{"rendered":"Datenschutzerkl\u00e4rung"},"content":{"rendered":"\t\t<div data-elementor-type=\"wp-page\" data-elementor-id=\"7400\" class=\"elementor elementor-7400 elementor-4843\" data-elementor-post-type=\"page\">\n\t\t\t\t\t\t<section class=\"elementor-section elementor-top-section elementor-element elementor-element-48fc785 elementor-section-boxed elementor-section-height-default elementor-section-height-default\" data-id=\"48fc785\" data-element_type=\"section\" data-e-type=\"section\" data-settings=\"{&quot;background_background&quot;:&quot;classic&quot;}\">\n\t\t\t\t\t\t<div class=\"elementor-container elementor-column-gap-default\">\n\t\t\t\t\t<div class=\"aux-parallax-section elementor-column elementor-col-100 elementor-top-column elementor-element elementor-element-c4ae083\" data-id=\"c4ae083\" data-element_type=\"column\" data-e-type=\"column\">\n\t\t\t<div class=\"elementor-widget-wrap elementor-element-populated\">\n\t\t\t\t\t\t<div class=\"elementor-element elementor-element-f20c10f aux-appear-watch-animation aux-fade-in-up-1 elementor-widget elementor-widget-aux_modern_heading\" data-id=\"f20c10f\" data-element_type=\"widget\" data-e-type=\"widget\" data-widget_type=\"aux_modern_heading.default\">\n\t\t\t\t<div class=\"elementor-widget-container\">\n\t\t\t\t\t<section class=\"aux-widget-modern-heading\">\n            <div class=\"aux-widget-inner\"><p class=\"aux-modern-heading-primary\"><\/p><h5 class=\"aux-modern-heading-secondary\"><span class=\"aux-head-before\">Datenschutzerkl\u00e4rung<\/span><\/h5><\/div>\n        <\/section>\t\t\t\t<\/div>\n\t\t\t\t<\/div>\n\t\t\t\t\t<\/div>\n\t\t<\/div>\n\t\t\t\t\t<\/div>\n\t\t<\/section>\n\t\t\t\t<section class=\"elementor-section elementor-top-section elementor-element elementor-element-2e76f8f elementor-section-content-middle elementor-section-boxed elementor-section-height-default elementor-section-height-default\" data-id=\"2e76f8f\" data-element_type=\"section\" data-e-type=\"section\">\n\t\t\t\t\t\t<div class=\"elementor-container elementor-column-gap-no\">\n\t\t\t\t\t<div class=\"aux-parallax-section elementor-column elementor-col-100 elementor-top-column elementor-element elementor-element-2456db8\" data-id=\"2456db8\" data-element_type=\"column\" data-e-type=\"column\">\n\t\t\t<div class=\"elementor-widget-wrap elementor-element-populated\">\n\t\t\t\t\t\t<div class=\"elementor-element elementor-element-bb4d617 aux-appear-watch-animation aux-fade-in-up-1 elementor-widget elementor-widget-aux_modern_heading\" data-id=\"bb4d617\" data-element_type=\"widget\" data-e-type=\"widget\" data-widget_type=\"aux_modern_heading.default\">\n\t\t\t\t<div class=\"elementor-widget-container\">\n\t\t\t\t\t<section class=\"aux-widget-modern-heading\">\n            <div class=\"aux-widget-inner\"><p class=\"aux-modern-heading-primary\"><\/p><div class=\"aux-modern-heading-description\"><p>Es ist normal, dass Sie besonderen Wert darauf legen, wie Ihre Daten erhoben, verwendet und weitergegeben werden.<br \/>Die vorliegende Datenschutzerkl\u00e4rung (die \u201eErkl\u00e4rung\u201c) verdeutlicht das Engagement von Vprint SA (BE0401264452) mit Sitz in 95, Boulevard Industriel, 7700 Mouscron, als Verantwortlicher f\u00fcr die Verarbeitung in Bezug auf die Achtung der Privatsph\u00e4re und den Schutz der personenbezogenen Daten seiner Nutzer und Kunden.<br \/>Die vorliegende Datenschutzerkl\u00e4rung (die \u201eErkl\u00e4rung\u201d) wurde verfasst, um Ihnen die Praktiken und Bedingungen, unter denen Vprint SA Ihre personenbezogenen Daten (die \u201eDaten\u201d) erhebt, verwendet und speichert, n\u00e4her zu bringen.<br \/>Hier finden Sie die verschiedenen Daten, die wir erheben und verarbeiten k\u00f6nnen oder die Sie uns \u00fcbermitteln k\u00f6nnen, wenn Sie auf unsere Website zugreifen und\/oder diese nutzen.<br \/>Angesichts der st\u00e4ndigen Weiterentwicklung der Gesetze und Vorschriften im Bereich Technologie und Schutz personenbezogener Daten ist es wahrscheinlich, dass diese Richtlinie aktualisiert wird.<br \/>Wenn Sie den Newsletter dieser Website abonniert haben, werden Sie per E-Mail \u00fcber etwaige \u00c4nderungen informiert. Sollte eine der Bestimmungen dieser Richtlinie f\u00fcr ung\u00fcltig oder rechtswidrig erkl\u00e4rt werden, gilt sie als nicht geschrieben, ohne dass dies die G\u00fcltigkeit der \u00fcbrigen Bestimmungen dieser Richtlinie beeintr\u00e4chtigt.<\/p>\n<p>Die vorliegende Richtlinie gilt f\u00fcr Daten, die erfasst werden:<br \/>\u2022 \u00fcber die Website;<br \/>\u2022 \u00fcber den E-Mail-Verkehr zwischen Vprint SA und Ihnen oder \u00fcber andere E-Mail-Tools;<br \/>\u2022 wenn Sie ein Benutzerkonto auf der Website erstellen;<br \/>\u2022 wenn Sie sich f\u00fcr den Newsletter der Website (der \u201eNewsletter\u201c) anmelden.<\/p>\n<p>Sie gilt nicht f\u00fcr Informationen, die von Dritten oder \u00fcber von diesen betriebenen Websites erhoben werden, einschlie\u00dflich \u00fcber Anwendungen oder Inhalte (einschlie\u00dflich Werbung), die den Nutzer auf die Websites weiterleiten.<br \/>Wir bitten Sie, die Richtlinie sorgf\u00e4ltig zu lesen, um unsere Praktiken hinsichtlich der Verarbeitung Ihrer Daten klar zu verstehen, und weisen Sie darauf hin, dass der Besuch und\/oder die Nutzung unserer Websites zwangsl\u00e4ufig die Annahme dieser Richtlinie zur Folge hat. Wenn Sie mit dieser Richtlinie nicht einverstanden sind, bitten wir Sie, unsere Website nicht zu nutzen. Es liegt in Ihrer Verantwortung, sicherzustellen, dass die an Vprint SA \u00fcbermittelten Daten vollst\u00e4ndig, korrekt und aktuell sind.<\/p>\n<p><strong>.1. Datenerhebung<\/strong><\/p>\n<p>Bei einem Besuch der Website www.odigo-dm.com ohne Registrierung (z. B. Login oder \u00c4hnliches) Ihrerseits auf einer gesicherten Seite sammelt Vprint SA keine personenbezogenen Daten.<br \/>Wir sammeln Informationen nur, wenn Sie sich auf unserer Website registrieren, sich in Ihr Konto einloggen, einen Kauf t\u00e4tigen, an einem Gewinnspiel teilnehmen und\/oder sich ausloggen.<br \/>Vprint SA kann bestimmte Informationen zu statistischen, administrativen oder zur Verbesserung der Website speichern, ohne dass diese die Offenlegung personenbezogener Daten oder die Identifizierung eines einzelnen Besuchers erm\u00f6glichen.<\/p>\n<p>Zusammenfassend k\u00f6nnen wir folgende Daten erfassen:<\/p>\n<p>\u2022 Ihre E-Mail-Adresse wird zwingend abgefragt, wenn Sie ein Benutzerkonto erstellen, \u00fcber die Kontaktformulare mit uns kommunizieren und\/oder unseren Newsletter erhalten m\u00f6chten.<br \/>\u2022 Daten zu Ihrer Identit\u00e4t wie Ihr Name, Vorname, E-Mail-Adresse und Telefonnummer k\u00f6nnen von Ihnen abgefragt werden.<br \/>\u2022 Daten zum Surfverhalten: Hierbei handelt es sich um Daten dar\u00fcber, wie Sie die Websites nutzen, darunter: IP-Adresse, verwendeter Browser, Dauer des Besuchs, Suchverlauf, verwendetes Betriebssystem, Sprache und aufgerufene Seiten.<br \/>\u2022 Daten zu Ihren Besuchen auf unseren Websites, einschlie\u00dflich Verkehrsdaten, Protokolldateien und andere Daten oder Kommunikationsressourcen, die Sie beim Zugriff auf unsere Websites verwenden;<br \/>\u2022 Daten zu Bestellungen: Ihre Postanschrift wird f\u00fcr die Rechnungsstellung ben\u00f6tigt. Ebenso m\u00fcssen Ihre Bankdaten angegeben werden, um die Zahlung Ihrer Bestellung vornehmen zu k\u00f6nnen;<br \/>\u2022 Daten \u00fcber die Nutzung sozialer Netzwerke, wenn Sie deren Funktionen nutzen.<br \/>\u2022 Daten k\u00f6nnen auf verschiedene Weise erhoben werden. Daten k\u00f6nnen direkt erhoben werden, wenn Sie uns diese \u00fcber die auf der Website verf\u00fcgbaren Kontaktformulare, Formulare zur Erstellung eines Benutzerkontos und zur Anmeldung f\u00fcr den Newsletter \u00fcbermitteln und\/oder wenn Sie uns telefonisch kontaktieren.<\/p>\n<p>Wenn Sie uns \u00fcber diese verschiedenen Kan\u00e4le kontaktieren, wird eine Kopie Ihrer Kommunikation mit Vprint SA, einschlie\u00dflich der E-Mail-Adressen, erstellt und archiviert.<br \/>Vprint SA sammelt Ihre Daten auch indirekt mithilfe von Cookies\/Trackern. Wir empfehlen Ihnen, unsere Cookie-Richtlinie zu lesen, die Ihnen helfen soll, diese Technologien und deren Verwendung auf unseren Websites und im Rahmen unserer Dienste, Anwendungen und Tools besser zu verstehen.<\/p>\n<p><strong>.2. Verwendung der Daten<\/strong><br \/>Alle Informationen, die wir von Ihnen erfassen, k\u00f6nnen f\u00fcr folgende Zwecke verwendet werden:<br \/>\u2022 Personalisierung Ihrer Erfahrung und Erf\u00fcllung Ihrer individuellen Bed\u00fcrfnisse<br \/>\u2022 Bereitstellung personalisierter Werbeinhalte<br \/>\u2022 Verbesserung unserer Website<br \/>\u2022 Verbesserung des Kundenservice und Ihrer Support-Anforderungen<br \/>\u2022 Kontaktaufnahme per E-Mail<br \/>\u2022 Durchf\u00fchrung eines Wettbewerbs, einer Werbeaktion oder einer Umfrage<\/p>\n<p><strong>.3. Datenschutz<\/strong><br \/>Wir sind die alleinigen Eigent\u00fcmer der auf dieser Website gesammelten Informationen. Ihre pers\u00f6nlichen Daten werden ohne Ihre Zustimmung nicht verkauft, ausgetauscht, \u00fcbertragen oder an andere Unternehmen weitergegeben, au\u00dfer wenn dies zur Beantwortung einer Anfrage und\/oder zur Abwicklung einer Transaktion erforderlich ist, beispielsweise zum Versand einer Bestellung.<\/p>\n<p><strong>.4. Aufbewahrungsdauer der Daten<\/strong><br \/>Vprint SA speichert Ihre Daten nur f\u00fcr die Dauer, die f\u00fcr die in Artikel 2 genannten Zwecke erforderlich ist. Diese Aufbewahrungsdauer ist je nach den betreffenden Daten unterschiedlich, da die Art und der Zweck der Erhebung diese Dauer beeinflussen k\u00f6nnen. Ebenso schreiben bestimmte gesetzliche Verpflichtungen eine bestimmte Aufbewahrungsdauer vor. Wenn Sie den Newsletter abonniert haben, speichern wir Ihre E-Mail-Adresse bis zu Ihrer Abmeldung.<br \/>Wenn Sie \u00fcber die verschiedenen Kontaktformulare, per E-Mail oder telefonisch mit Vprint SA Kontakt aufnehmen, werden Ihre Daten bis zu f\u00fcnf (5) Jahre ab dem letzten Kontakt gespeichert. Was Ihr Benutzerkonto betrifft, so werden Ihre Rechnungsdaten ab dem Kaufdatum zehn (10) Jahre lang gespeichert. Ihre \u00fcbrigen Daten werden f\u00fcnf (5) Jahre ab Ihrer Anfrage zur Deaktivierung Ihres Benutzerkontos gespeichert. Ihre Kreditkartendaten f\u00fcr alle K\u00e4ufe werden f\u00fcr den Fall einer m\u00f6glichen Anfechtung der Transaktion f\u00fcr dreizehn (13) Monate ab dem Datum der Belastung gespeichert. Auf Ihren Wunsch wird Ihr Benutzerkonto auf der Website deaktiviert und nach Ablauf der oben genannten Fristen ab dem Tag Ihrer Anfrage vollst\u00e4ndig gel\u00f6scht.<br \/>Schlie\u00dflich werden die mittels Cookies oder Trackern erhobenen Daten bis zu sechs (6) Monate f\u00fcr Cookies oder Tracker zur Messung der Besucherzahlen und bis zu dreizehn (13) Monate f\u00fcr andere Cookies oder Tracker gespeichert. Nach Ablauf der oben genannten Aufbewahrungsfristen werden Ihre Daten anonymisiert und ausschlie\u00dflich zu statistischen Zwecken gespeichert.<\/p>\n<p><strong>.5. Schutz personenbezogener Daten<br \/><\/strong>Wir setzen eine Vielzahl von Sicherheitsma\u00dfnahmen ein, um die Sicherheit Ihrer personenbezogenen Daten zu gew\u00e4hrleisten. Wir verwenden modernste Verschl\u00fcsselungstechnologien, um sensible Daten, die online \u00fcbertragen werden, zu sch\u00fctzen. Wir sch\u00fctzen Ihre Daten auch offline. Nur Mitarbeiter, die bestimmte Aufgaben ausf\u00fchren m\u00fcssen (z. B. Rechnungsstellung oder Kundendienst), haben Zugriff auf personenbezogene Daten. Die Computer und Server, auf denen personenbezogene Daten gespeichert werden, befinden sich in einer gesicherten Umgebung.<\/p>\n<p><strong>.6. Welche Rechte haben Sie?<br \/><\/strong>Gem\u00e4\u00df dem belgischen Gesetz vom 8. Dezember 1992 \u00fcber den Schutz der Privatsph\u00e4re bei der Verarbeitung personenbezogener Daten und ab dem 25. Mai 2018 gem\u00e4\u00df der Europ\u00e4ischen Verordnung 2016\/679 des Europ\u00e4ischen Parlaments und des Rates vom 27. April 2016 zum Schutz nat\u00fcrlicher Personen bei der Verarbeitung personenbezogener Daten, zum freien Datenverkehr und zur Aufhebung der Richtlinie 95\/46\/EG (Datenschutz-Grundverordnung) haben die Nutzer, deren Daten erfasst wurden, das Recht, diese Daten einzusehen, ihre Berichtigung oder gegebenenfalls ihre L\u00f6schung zu verlangen.<\/p>\n<p>Die Nutzer k\u00f6nnen auch der Verarbeitung ihrer Daten widersprechen. Diese Rechte k\u00f6nnen durch eine schriftliche Anfrage per E-Mail an folgende Adresse ausge\u00fcbt werden:<br \/>Vprint SA<br \/>Boulevard Industriel, 95<br \/>7700 Mouscron<br \/>Tel.: +32 (0) 56 85 91 91<br \/>E-Mail: info@odigo-dm.com<\/p>\n<p>Beschwerden wegen Verst\u00f6\u00dfen gegen die geltenden belgischen Vorschriften zum Schutz personenbezogener Daten auf dieser Website k\u00f6nnen an die belgische Datenschutzkommission unter der Adresse commission@privacycommission.be gerichtet werden.<\/p>\n<p><strong>.7. Weitergabe an Dritte<br \/><\/strong>Wir verkaufen, tauschen oder \u00fcbertragen Ihre personenbezogenen Daten nicht an Dritte. Davon ausgenommen sind vertrauensw\u00fcrdige Dritte, die uns beim Betrieb unserer Website oder bei der Abwicklung unserer Gesch\u00e4fte unterst\u00fctzen, sofern diese Parteien sich verpflichten, diese Daten vertraulich zu behandeln.<br \/>Wir halten es f\u00fcr notwendig, Informationen weiterzugeben, um illegale Aktivit\u00e4ten, mutma\u00dflichen Betrug, Situationen, die eine potenzielle Gefahr f\u00fcr die physische Sicherheit einer Person darstellen, Verst\u00f6\u00dfe gegen unsere Nutzungsbedingungen zu untersuchen, zu verhindern oder Ma\u00dfnahmen dagegen zu ergreifen, oder wenn wir gesetzlich dazu verpflichtet sind.<br \/>Nicht-private Informationen k\u00f6nnen jedoch anderen Parteien f\u00fcr Marketing-, Werbe- oder andere Zwecke zur Verf\u00fcgung gestellt werden.<\/p>\n<p><strong>.8. Cookies und andere Tracker<br \/><\/strong>Ein \u201eCookie\u201d ist eine kleine Datei, die beim Besuch einer Website oder beim Aufrufen einer Werbung auf der Festplatte Ihres Computers gespeichert wird. Diese Cookies werden verwendet, um Ihre Benutzererfahrung zu verbessern, indem Ihnen Dienstleistungen oder Angebote angeboten werden, die Ihren Interessen entsprechen. Sie k\u00f6nnen deren Verwendung jederzeit ablehnen, indem Sie Ihren Internetbrowser entsprechend konfigurieren.<br \/>Die Art und der Zweck der von der Website verwendeten Cookies werden im Folgenden n\u00e4her erl\u00e4utert. Einige Cookies sind f\u00fcr bestimmte technische Funktionen der Website erforderlich und werden nur f\u00fcr einen begrenzten Zeitraum gespeichert.<\/p>\n<p>Die verwendeten Arten von Cookies<br \/>\u2022 Messung der Besucherzahlen (Google Analytics): Tools zur Messung der Besucherzahlen werden eingesetzt, um Informationen \u00fcber das Surfverhalten der Besucher zu erhalten. Ihr Ziel ist es, das Surfverhalten auf der Website zu Analysezwecken zu optimieren.<br \/>\u2022 Social-Media-Buttons: Unsere Website kann Computeranwendungen von Dritten enthalten. Dies kann insbesondere bei Buttons\/Links zu sozialen Netzwerken der Fall sein (insbesondere bei den Buttons \u201eTeilen\u201d und \u201eGef\u00e4llt mir\u201d von sozialen Netzwerken wie Facebook, Twitter usw.). Wir empfehlen Ihnen daher, die Richtlinien dieser Netzwerke zum Umgang mit Cookies und insbesondere zum Datenschutz zu lesen.<br \/>\u2022 Werbung: Hierbei handelt es sich um Cookies, die auf unserer Website oder au\u00dferhalb unserer Website verwendet werden, um Ihnen Werbung anzuzeigen oder Ihnen Informationen zuzusenden, die auf Ihre Interessen zugeschnitten sind. Werbe-Cookies werden insbesondere verwendet, um die Anzahl der Anzeigen einer Werbung zu begrenzen und uns dabei zu helfen, die Wirksamkeit einer Werbekampagne zu messen.<\/p>\n<p>Verwaltung von Cookies<br \/>Um die Installation von Cookies zu akzeptieren oder abzulehnen, m\u00fcssen Sie Ihren Internetbrowser entsprechend konfigurieren. Da die Konfiguration jedes Browsers unterschiedlich ist, finden Sie eine Beschreibung im Hilfemen\u00fc Ihres Browsers, wo Sie erfahren, wie Sie Ihre Cookie-Einstellungen \u00e4ndern k\u00f6nnen.<br \/>Sie k\u00f6nnen sie wie folgt deaktivieren:<\/p>\n<p>Internet Explorer<br \/>\u2022 W\u00e4hlen Sie das Men\u00fc \u201eExtras\u201c und dann \u201eInternetoptionen\u201c.<br \/>\u2022 Klicken Sie auf die Registerkarte \u201eDatenschutz\u201c.<br \/>\u2022 W\u00e4hlen Sie mit dem Schieberegler die gew\u00fcnschte Stufe aus.<\/p>\n<p>Mozilla Firefox<br \/>\u2022 W\u00e4hlen Sie das Men\u00fc \u201eExtras\u201c und dann \u201eEinstellungen\u201c.<br \/>\u2022 Klicken Sie auf die Registerkarte \u201eDatenschutz\u201c.<br \/>\u2022 W\u00e4hlen Sie in der Dropdown-Liste \u201eSpeicherregeln\u201d die gew\u00fcnschte Stufe aus.<\/p>\n<p>Google Chrome<br \/>\u2022 Geben Sie die Adresse chrome:\/\/settings\/ in die Adressleiste des Browsers ein.<br \/>\u2022 Klicken Sie auf \u201eErweiterte Einstellungen\u201d, dann auf \u201eInhaltseinstellungen\u201d und anschlie\u00dfend auf \u201eCookies\u201d.<br \/>\u2022 Konfigurieren Sie Ihren Browser nach Ihren W\u00fcnschen.<\/p>\n<p>Safari<br \/>\u2022 Klicken Sie auf das Men\u00fc \u201eSafari\u201d.<br \/>\u2022 Klicken Sie auf \u201eEinstellungen\u201c.<br \/>\u2022 W\u00e4hlen Sie auf der Registerkarte \u201eSicherheit\u201c die gew\u00fcnschte Stufe aus.<\/p>\n<p>Bitte beachten Sie, dass das L\u00f6schen von Cookies das Surfen erschweren oder sogar unm\u00f6glich machen kann.<\/p>\n<p><strong>.9. Abmelden<br \/><\/strong>Wir verwenden die von Ihnen angegebene E-Mail-Adresse, um Ihnen Informationen und Aktualisierungen zu Ihrer Bestellung, gelegentliche Unternehmensnachrichten, Informationen zu verwandten Produkten usw. zu senden. Wenn Sie sich zu irgendeinem Zeitpunkt abmelden und keine E-Mails mehr erhalten m\u00f6chten, finden Sie am Ende jeder E-Mail detaillierte Anweisungen zum Abmelden.<\/p>\n<p><strong>.10. Einwilligung<\/strong><br \/>Durch die Nutzung unserer Website erkl\u00e4ren Sie sich mit unserer Datenschutzerkl\u00e4rung einverstanden.<\/p>\n<p><strong>.11. Erstellung und Hosting der Website<\/strong><br \/>Die Website von Vprint SA wurde erstellt von:<\/p>\n<p>L.M. SRL<br \/>Tel.: +32 (0) 56 33 08 31<br \/>E-Mail: info@webiome.com<\/p>\n<p>Die Website wird gehostet von:<\/p>\n<p>hetzner.com<br \/>Industriestr. 25<br \/>91710 Gunzenhausen<br \/>Deutschland<\/p><\/div><\/div>\n        <\/section>\t\t\t\t<\/div>\n\t\t\t\t<\/div>\n\t\t\t\t\t<\/div>\n\t\t<\/div>\n\t\t\t\t\t<\/div>\n\t\t<\/section>\n\t\t\t\t<\/div>\n\t\t","protected":false},"excerpt":{"rendered":"<p>Datenschutzerkl\u00e4rung Es ist normal, dass Sie besonderen Wert darauf legen, wie Ihre Daten erhoben, verwendet und weitergegeben werden.Die vorliegende Datenschutzerkl\u00e4rung (die \u201eErkl\u00e4rung\u201c) verdeutlicht das Engagement von Vprint SA (BE0401264452) mit Sitz in 95, Boulevard Industriel, 7700 Mouscron, als Verantwortlicher f\u00fcr die Verarbeitung in Bezug auf die Achtung der Privatsph\u00e4re und den Schutz der personenbezogenen Daten [&hellip;]<\/p>\n","protected":false},"author":6,"featured_media":0,"parent":0,"menu_order":0,"comment_status":"closed","ping_status":"closed","template":"templates\/page-builder-content.php","meta":{"_acf_changed":false,"footnotes":"","_links_to":"","_links_to_target":""},"class_list":["post-7400","page","type-page","status-publish","hentry"],"acf":[],"yoast_head":"<!-- This site is optimized with the Yoast SEO plugin v27.4 - https:\/\/yoast.com\/product\/yoast-seo-wordpress\/ -->\n<title>Datenschutzerkl\u00e4rung - ODIGO<\/title>\n<meta name=\"robots\" content=\"index, follow, max-snippet:-1, max-image-preview:large, max-video-preview:-1\" \/>\n<link rel=\"canonical\" href=\"https:\/\/odigo-dm.com\/de\/datenschutzerklaerung\/\" \/>\n<meta property=\"og:locale\" content=\"de_DE\" \/>\n<meta property=\"og:type\" content=\"article\" \/>\n<meta property=\"og:title\" content=\"Datenschutzerkl\u00e4rung - ODIGO\" \/>\n<meta property=\"og:description\" content=\"Datenschutzerkl\u00e4rung Es ist normal, dass Sie besonderen Wert darauf legen, wie Ihre Daten erhoben, verwendet und weitergegeben werden.Die vorliegende Datenschutzerkl\u00e4rung (die \u201eErkl\u00e4rung\u201c) verdeutlicht das Engagement von Vprint SA (BE0401264452) mit Sitz in 95, Boulevard Industriel, 7700 Mouscron, als Verantwortlicher f\u00fcr die Verarbeitung in Bezug auf die Achtung der Privatsph\u00e4re und den Schutz der personenbezogenen Daten [&hellip;]\" \/>\n<meta property=\"og:url\" content=\"https:\/\/odigo-dm.com\/de\/datenschutzerklaerung\/\" \/>\n<meta property=\"og:site_name\" content=\"ODIGO\" \/>\n<meta property=\"article:modified_time\" content=\"2025-08-04T11:33:43+00:00\" \/>\n<meta name=\"twitter:card\" content=\"summary_large_image\" \/>\n<meta name=\"twitter:label1\" content=\"Gesch\u00e4tzte Lesezeit\" \/>\n\t<meta name=\"twitter:data1\" content=\"11\u00a0Minuten\" \/>\n<script type=\"application\/ld+json\" class=\"yoast-schema-graph\">{\"@context\":\"https:\\\/\\\/schema.org\",\"@graph\":[{\"@type\":\"WebPage\",\"@id\":\"https:\\\/\\\/odigo-dm.com\\\/de\\\/datenschutzerklaerung\\\/\",\"url\":\"https:\\\/\\\/odigo-dm.com\\\/de\\\/datenschutzerklaerung\\\/\",\"name\":\"Datenschutzerkl\u00e4rung - ODIGO\",\"isPartOf\":{\"@id\":\"https:\\\/\\\/odigo-dm.com\\\/de\\\/#website\"},\"datePublished\":\"2025-02-18T10:03:49+00:00\",\"dateModified\":\"2025-08-04T11:33:43+00:00\",\"breadcrumb\":{\"@id\":\"https:\\\/\\\/odigo-dm.com\\\/de\\\/datenschutzerklaerung\\\/#breadcrumb\"},\"inLanguage\":\"de\",\"potentialAction\":[{\"@type\":\"ReadAction\",\"target\":[\"https:\\\/\\\/odigo-dm.com\\\/de\\\/datenschutzerklaerung\\\/\"]}]},{\"@type\":\"BreadcrumbList\",\"@id\":\"https:\\\/\\\/odigo-dm.com\\\/de\\\/datenschutzerklaerung\\\/#breadcrumb\",\"itemListElement\":[{\"@type\":\"ListItem\",\"position\":1,\"name\":\"Accueil\",\"item\":\"https:\\\/\\\/odigo-dm.com\\\/de\\\/\"},{\"@type\":\"ListItem\",\"position\":2,\"name\":\"Datenschutzerkl\u00e4rung\"}]},{\"@type\":\"WebSite\",\"@id\":\"https:\\\/\\\/odigo-dm.com\\\/de\\\/#website\",\"url\":\"https:\\\/\\\/odigo-dm.com\\\/de\\\/\",\"name\":\"ODIGO\",\"description\":\"Simply Different.\",\"potentialAction\":[{\"@type\":\"SearchAction\",\"target\":{\"@type\":\"EntryPoint\",\"urlTemplate\":\"https:\\\/\\\/odigo-dm.com\\\/de\\\/?s={search_term_string}\"},\"query-input\":{\"@type\":\"PropertyValueSpecification\",\"valueRequired\":true,\"valueName\":\"search_term_string\"}}],\"inLanguage\":\"de\"}]}<\/script>\n<!-- \/ Yoast SEO plugin. -->","yoast_head_json":{"title":"Datenschutzerkl\u00e4rung - ODIGO","robots":{"index":"index","follow":"follow","max-snippet":"max-snippet:-1","max-image-preview":"max-image-preview:large","max-video-preview":"max-video-preview:-1"},"canonical":"https:\/\/odigo-dm.com\/de\/datenschutzerklaerung\/","og_locale":"de_DE","og_type":"article","og_title":"Datenschutzerkl\u00e4rung - ODIGO","og_description":"Datenschutzerkl\u00e4rung Es ist normal, dass Sie besonderen Wert darauf legen, wie Ihre Daten erhoben, verwendet und weitergegeben werden.Die vorliegende Datenschutzerkl\u00e4rung (die \u201eErkl\u00e4rung\u201c) verdeutlicht das Engagement von Vprint SA (BE0401264452) mit Sitz in 95, Boulevard Industriel, 7700 Mouscron, als Verantwortlicher f\u00fcr die Verarbeitung in Bezug auf die Achtung der Privatsph\u00e4re und den Schutz der personenbezogenen Daten [&hellip;]","og_url":"https:\/\/odigo-dm.com\/de\/datenschutzerklaerung\/","og_site_name":"ODIGO","article_modified_time":"2025-08-04T11:33:43+00:00","twitter_card":"summary_large_image","twitter_misc":{"Gesch\u00e4tzte Lesezeit":"11\u00a0Minuten"},"schema":{"@context":"https:\/\/schema.org","@graph":[{"@type":"WebPage","@id":"https:\/\/odigo-dm.com\/de\/datenschutzerklaerung\/","url":"https:\/\/odigo-dm.com\/de\/datenschutzerklaerung\/","name":"Datenschutzerkl\u00e4rung - ODIGO","isPartOf":{"@id":"https:\/\/odigo-dm.com\/de\/#website"},"datePublished":"2025-02-18T10:03:49+00:00","dateModified":"2025-08-04T11:33:43+00:00","breadcrumb":{"@id":"https:\/\/odigo-dm.com\/de\/datenschutzerklaerung\/#breadcrumb"},"inLanguage":"de","potentialAction":[{"@type":"ReadAction","target":["https:\/\/odigo-dm.com\/de\/datenschutzerklaerung\/"]}]},{"@type":"BreadcrumbList","@id":"https:\/\/odigo-dm.com\/de\/datenschutzerklaerung\/#breadcrumb","itemListElement":[{"@type":"ListItem","position":1,"name":"Accueil","item":"https:\/\/odigo-dm.com\/de\/"},{"@type":"ListItem","position":2,"name":"Datenschutzerkl\u00e4rung"}]},{"@type":"WebSite","@id":"https:\/\/odigo-dm.com\/de\/#website","url":"https:\/\/odigo-dm.com\/de\/","name":"ODIGO","description":"Simply Different.","potentialAction":[{"@type":"SearchAction","target":{"@type":"EntryPoint","urlTemplate":"https:\/\/odigo-dm.com\/de\/?s={search_term_string}"},"query-input":{"@type":"PropertyValueSpecification","valueRequired":true,"valueName":"search_term_string"}}],"inLanguage":"de"}]}},"_links":{"self":[{"href":"https:\/\/odigo-dm.com\/de\/wp-json\/wp\/v2\/pages\/7400","targetHints":{"allow":["GET"]}}],"collection":[{"href":"https:\/\/odigo-dm.com\/de\/wp-json\/wp\/v2\/pages"}],"about":[{"href":"https:\/\/odigo-dm.com\/de\/wp-json\/wp\/v2\/types\/page"}],"author":[{"embeddable":true,"href":"https:\/\/odigo-dm.com\/de\/wp-json\/wp\/v2\/users\/6"}],"replies":[{"embeddable":true,"href":"https:\/\/odigo-dm.com\/de\/wp-json\/wp\/v2\/comments?post=7400"}],"version-history":[{"count":5,"href":"https:\/\/odigo-dm.com\/de\/wp-json\/wp\/v2\/pages\/7400\/revisions"}],"predecessor-version":[{"id":7410,"href":"https:\/\/odigo-dm.com\/de\/wp-json\/wp\/v2\/pages\/7400\/revisions\/7410"}],"wp:attachment":[{"href":"https:\/\/odigo-dm.com\/de\/wp-json\/wp\/v2\/media?parent=7400"}],"curies":[{"name":"wp","href":"https:\/\/api.w.org\/{rel}","templated":true}]}}