{"id":7399,"date":"2025-02-18T10:17:47","date_gmt":"2025-02-18T10:17:47","guid":{"rendered":"https:\/\/odigo-dm.com\/mentions-legales\/"},"modified":"2025-08-04T11:25:37","modified_gmt":"2025-08-04T11:25:37","slug":"rechtliche-hinweise","status":"publish","type":"page","link":"https:\/\/odigo-dm.com\/de\/rechtliche-hinweise\/","title":{"rendered":"Rechtliche Hinweise"},"content":{"rendered":"\t\t<div data-elementor-type=\"wp-page\" data-elementor-id=\"7399\" class=\"elementor elementor-7399 elementor-4852\" data-elementor-post-type=\"page\">\n\t\t\t\t\t\t<section class=\"elementor-section elementor-top-section elementor-element elementor-element-48fc785 elementor-section-boxed elementor-section-height-default elementor-section-height-default\" data-id=\"48fc785\" data-element_type=\"section\" data-e-type=\"section\" data-settings=\"{&quot;background_background&quot;:&quot;classic&quot;}\">\n\t\t\t\t\t\t<div class=\"elementor-container elementor-column-gap-default\">\n\t\t\t\t\t<div class=\"aux-parallax-section elementor-column elementor-col-100 elementor-top-column elementor-element elementor-element-c4ae083\" data-id=\"c4ae083\" data-element_type=\"column\" data-e-type=\"column\">\n\t\t\t<div class=\"elementor-widget-wrap elementor-element-populated\">\n\t\t\t\t\t\t<div class=\"elementor-element elementor-element-f20c10f aux-appear-watch-animation aux-fade-in-up-1 elementor-widget elementor-widget-aux_modern_heading\" data-id=\"f20c10f\" data-element_type=\"widget\" data-e-type=\"widget\" data-widget_type=\"aux_modern_heading.default\">\n\t\t\t\t<div class=\"elementor-widget-container\">\n\t\t\t\t\t<section class=\"aux-widget-modern-heading\">\n            <div class=\"aux-widget-inner\"><p class=\"aux-modern-heading-primary\"><\/p><h5 class=\"aux-modern-heading-secondary\"><span class=\"aux-head-before\">Rechtliche Hinweise<\/span><\/h5><\/div>\n        <\/section>\t\t\t\t<\/div>\n\t\t\t\t<\/div>\n\t\t\t\t\t<\/div>\n\t\t<\/div>\n\t\t\t\t\t<\/div>\n\t\t<\/section>\n\t\t\t\t<section class=\"elementor-section elementor-top-section elementor-element elementor-element-2e76f8f elementor-section-content-middle elementor-section-boxed elementor-section-height-default elementor-section-height-default\" data-id=\"2e76f8f\" data-element_type=\"section\" data-e-type=\"section\">\n\t\t\t\t\t\t<div class=\"elementor-container elementor-column-gap-no\">\n\t\t\t\t\t<div class=\"aux-parallax-section elementor-column elementor-col-100 elementor-top-column elementor-element elementor-element-2456db8\" data-id=\"2456db8\" data-element_type=\"column\" data-e-type=\"column\">\n\t\t\t<div class=\"elementor-widget-wrap elementor-element-populated\">\n\t\t\t\t\t\t<div class=\"elementor-element elementor-element-bb4d617 aux-appear-watch-animation aux-fade-in-up-1 elementor-widget elementor-widget-aux_modern_heading\" data-id=\"bb4d617\" data-element_type=\"widget\" data-e-type=\"widget\" data-widget_type=\"aux_modern_heading.default\">\n\t\t\t\t<div class=\"elementor-widget-container\">\n\t\t\t\t\t<section class=\"aux-widget-modern-heading\">\n            <div class=\"aux-widget-inner\"><p class=\"aux-modern-heading-primary\"><\/p><div class=\"aux-modern-heading-description\"><p>Die vorliegende Website https:\/\/odigo-dm.com wird von der Firma Vprint SA mit Sitz in Boulevard Industriel, 95, 7700 Mouscron herausgegeben.<br \/>\u2022 Umsatzsteuer-Identifikationsnummer: BE0401264452<br \/>Verantwortlich f\u00fcr die Ver\u00f6ffentlichung dieser Website ist Vprint SA.<br \/>Die administrative und technische Verwaltung wird von L.M. SRL \u00fcbernommen.<br \/>Die Website wird von hetzner.com mit Sitz in Industriestr. 25,<br \/>91710 Gunzenhausen, Deutschland, gehostet.<\/p>\n<p><strong>Zugang zur Website<\/strong><br \/>Der Nutzer dieser Website best\u00e4tigt, dass er \u00fcber die erforderlichen Kompetenzen und Mittel verf\u00fcgt, um auf diese Website zuzugreifen und sie zu nutzen. Es sei daran erinnert, dass der betr\u00fcgerische Zugriff auf oder Verbleib in einem Computersystem, die Behinderung oder Verf\u00e4lschung des Betriebs eines solchen Systems sowie die betr\u00fcgerische Eingabe oder \u00c4nderung von Daten in einem Computersystem Straftaten darstellen, die strafrechtlich verfolgt werden k\u00f6nnen.<\/p>\n<p><strong>Recht des geistigen und gewerblichen Eigentums<\/strong><br \/>Die Website https:\/\/odigo-dm.com ist sowohl ein urheberrechtlich gesch\u00fctztes Werk als auch eine Datenbank, an der Vprint SA das Urheberrecht und die Rechte als Hersteller besitzt. Die Texte, das Layout, die Zeichnungen, Fotos, Filme, Grafiken und sonstigen Elemente dieser Website sind urheberrechtlich gesch\u00fctzt. Jede Vervielf\u00e4ltigung, Bearbeitung, \u00dcbersetzung, Anpassung, \u00f6ffentliche Wiedergabe, Vermietung und sonstige Verwertung, \u00c4nderung der gesamten Website oder von Teilen davon in jeglicher Form und mit jeglichen Mitteln, sei es elektronisch, mechanisch oder anderweitig, ist ohne vorherige schriftliche Zustimmung von Vprint SA strengstens untersagt. Der Inhalt der Datenbank ist durch ein sui generis-Recht gesch\u00fctzt, das es dem Hersteller erlaubt, jede Entnahme und\/oder Wiederverwendung des gesamten oder eines Teils dieses Inhalts zu untersagen. Jeder Versto\u00df gegen diese Rechte kann zivil- oder strafrechtliche Folgen haben.<\/p>\n<p><strong>Warnhinweis zu den auf der Website bereitgestellten Informationen<\/strong><br \/>Vprint SA widmet der Erstellung und Aktualisierung der Website gr\u00f6\u00dfte Sorgfalt. Vprint SA, Herausgeber dieser Website, bem\u00fcht sich nach besten Kr\u00e4ften, die Richtigkeit und Aktualit\u00e4t der auf der Website ver\u00f6ffentlichten Informationen zum Zeitpunkt ihrer Online-Ver\u00f6ffentlichung sicherzustellen. Sie \u00fcbernimmt jedoch keinerlei Gew\u00e4hr f\u00fcr die Richtigkeit, Genauigkeit oder Vollst\u00e4ndigkeit der auf der Website bereitgestellten Informationen und beh\u00e4lt sich das Recht vor, den Inhalt der auf der Website ver\u00f6ffentlichten Informationen und Dokumente jederzeit und ohne vorherige Ank\u00fcndigung zu \u00e4ndern oder zu korrigieren.<br \/>Vprint SA lehnt daher jede Verantwortung f\u00fcr Ungenauigkeiten, Unrichtigkeiten, Auslassungen oder \u00c4nderungen der auf dieser Website verf\u00fcgbaren Informationen ab, insbesondere im Falle von \u00c4nderungen der administrativen und rechtlichen Bestimmungen, sowie f\u00fcr alle Sch\u00e4den, die durch betr\u00fcgerisches Eindringen Dritter entstehen, insbesondere wenn dies zu einer \u00c4nderung der auf dieser Website zur Verf\u00fcgung gestellten Informationen f\u00fchren k\u00f6nnte. In diesem Zusammenhang kann Vprint SA nicht f\u00fcr den Inhalt dieser Seiten und deren Nutzung durch den Internetnutzer haftbar gemacht werden, d. h. f\u00fcr direkte oder indirekte Sch\u00e4den, die durch den Zugriff oder die Nutzung der Website durch Dritte oder durch die Unm\u00f6glichkeit des Zugriffs auf die Website entstehen. Dar\u00fcber hinaus kann Vprint SA in keinem Fall f\u00fcr Sch\u00e4den haftbar gemacht werden, die sich aus der Interpretation und\/oder Nutzung der auf dieser Website verf\u00fcgbaren Informationen ergeben.<\/p>\n<p><strong>Hyperlinks<\/strong><br \/>Unsere Website enth\u00e4lt Hyperlinks, die den Zugriff auf Websites erm\u00f6glichen, die nicht von Vprint SA herausgegeben werden. Daher kann Vprint SA nicht f\u00fcr den Inhalt der Websites verantwortlich gemacht werden, auf die der Internetnutzer auf diese Weise Zugriff hat. Vprint SA ist weder f\u00fcr die vollst\u00e4ndige Einhaltung der Normen der \u00f6ffentlichen Ordnung und der guten Sitten noch f\u00fcr die Datenschutzpolitik oder die Nutzung dieser Websites verantwortlich.<br \/>Durch den Zugriff auf eine andere Website \u00fcber einen Hyperlink akzeptiert der Nutzer, dass dieser Zugriff auf eigene Gefahr erfolgt. Daher kann Vprint SA nicht f\u00fcr direkte oder indirekte Sch\u00e4den haftbar gemacht werden, die sich aus dem Zugriff auf eine andere Website ergeben, die \u00fcber einen Hyperlink verbunden ist. Schlie\u00dflich muss die Einrichtung von Hyperlinks zu unserer Website zuvor vom Herausgeber genehmigt werden.<\/p>\n<p><strong>\u00c4nderung dieser Hinweise und anwendbares Recht<\/strong><br \/>Es gilt belgisches Recht. Vprint SA beh\u00e4lt sich das Recht vor, diese Hinweise jederzeit und ohne Vorank\u00fcndigung zu \u00e4ndern oder zu erg\u00e4nzen.<\/p><\/div><\/div>\n        <\/section>\t\t\t\t<\/div>\n\t\t\t\t<\/div>\n\t\t\t\t\t<\/div>\n\t\t<\/div>\n\t\t\t\t\t<\/div>\n\t\t<\/section>\n\t\t\t\t<\/div>\n\t\t","protected":false},"excerpt":{"rendered":"<p>Rechtliche Hinweise Die vorliegende Website https:\/\/odigo-dm.com wird von der Firma Vprint SA mit Sitz in Boulevard Industriel, 95, 7700 Mouscron herausgegeben.\u2022 Umsatzsteuer-Identifikationsnummer: BE0401264452Verantwortlich f\u00fcr die Ver\u00f6ffentlichung dieser Website ist Vprint SA.Die administrative und technische Verwaltung wird von L.M. SRL \u00fcbernommen.Die Website wird von hetzner.com mit Sitz in Industriestr. 25,91710 Gunzenhausen, Deutschland, gehostet. Zugang zur WebsiteDer [&hellip;]<\/p>\n","protected":false},"author":6,"featured_media":0,"parent":0,"menu_order":0,"comment_status":"closed","ping_status":"closed","template":"templates\/page-builder-content.php","meta":{"_acf_changed":false,"footnotes":"","_links_to":"","_links_to_target":""},"class_list":["post-7399","page","type-page","status-publish","hentry"],"acf":[],"yoast_head":"<!-- This site is optimized with the Yoast SEO plugin v27.4 - https:\/\/yoast.com\/product\/yoast-seo-wordpress\/ -->\n<title>Rechtliche Hinweise - ODIGO<\/title>\n<meta name=\"robots\" content=\"index, follow, max-snippet:-1, max-image-preview:large, max-video-preview:-1\" \/>\n<link rel=\"canonical\" href=\"https:\/\/odigo-dm.com\/de\/rechtliche-hinweise\/\" \/>\n<meta property=\"og:locale\" content=\"de_DE\" \/>\n<meta property=\"og:type\" content=\"article\" \/>\n<meta property=\"og:title\" content=\"Rechtliche Hinweise - ODIGO\" \/>\n<meta property=\"og:description\" content=\"Rechtliche Hinweise Die vorliegende Website https:\/\/odigo-dm.com wird von der Firma Vprint SA mit Sitz in Boulevard Industriel, 95, 7700 Mouscron herausgegeben.\u2022 Umsatzsteuer-Identifikationsnummer: BE0401264452Verantwortlich f\u00fcr die Ver\u00f6ffentlichung dieser Website ist Vprint SA.Die administrative und technische Verwaltung wird von L.M. SRL \u00fcbernommen.Die Website wird von hetzner.com mit Sitz in Industriestr. 25,91710 Gunzenhausen, Deutschland, gehostet. Zugang zur WebsiteDer [&hellip;]\" \/>\n<meta property=\"og:url\" content=\"https:\/\/odigo-dm.com\/de\/rechtliche-hinweise\/\" \/>\n<meta property=\"og:site_name\" content=\"ODIGO\" \/>\n<meta property=\"article:modified_time\" content=\"2025-08-04T11:25:37+00:00\" \/>\n<meta name=\"twitter:card\" content=\"summary_large_image\" \/>\n<meta name=\"twitter:label1\" content=\"Gesch\u00e4tzte Lesezeit\" \/>\n\t<meta name=\"twitter:data1\" content=\"4\u00a0Minuten\" \/>\n<script type=\"application\/ld+json\" class=\"yoast-schema-graph\">{\"@context\":\"https:\\\/\\\/schema.org\",\"@graph\":[{\"@type\":\"WebPage\",\"@id\":\"https:\\\/\\\/odigo-dm.com\\\/de\\\/rechtliche-hinweise\\\/\",\"url\":\"https:\\\/\\\/odigo-dm.com\\\/de\\\/rechtliche-hinweise\\\/\",\"name\":\"Rechtliche Hinweise - ODIGO\",\"isPartOf\":{\"@id\":\"https:\\\/\\\/odigo-dm.com\\\/de\\\/#website\"},\"datePublished\":\"2025-02-18T10:17:47+00:00\",\"dateModified\":\"2025-08-04T11:25:37+00:00\",\"breadcrumb\":{\"@id\":\"https:\\\/\\\/odigo-dm.com\\\/de\\\/rechtliche-hinweise\\\/#breadcrumb\"},\"inLanguage\":\"de\",\"potentialAction\":[{\"@type\":\"ReadAction\",\"target\":[\"https:\\\/\\\/odigo-dm.com\\\/de\\\/rechtliche-hinweise\\\/\"]}]},{\"@type\":\"BreadcrumbList\",\"@id\":\"https:\\\/\\\/odigo-dm.com\\\/de\\\/rechtliche-hinweise\\\/#breadcrumb\",\"itemListElement\":[{\"@type\":\"ListItem\",\"position\":1,\"name\":\"Accueil\",\"item\":\"https:\\\/\\\/odigo-dm.com\\\/de\\\/\"},{\"@type\":\"ListItem\",\"position\":2,\"name\":\"Rechtliche Hinweise\"}]},{\"@type\":\"WebSite\",\"@id\":\"https:\\\/\\\/odigo-dm.com\\\/de\\\/#website\",\"url\":\"https:\\\/\\\/odigo-dm.com\\\/de\\\/\",\"name\":\"ODIGO\",\"description\":\"Simply Different.\",\"potentialAction\":[{\"@type\":\"SearchAction\",\"target\":{\"@type\":\"EntryPoint\",\"urlTemplate\":\"https:\\\/\\\/odigo-dm.com\\\/de\\\/?s={search_term_string}\"},\"query-input\":{\"@type\":\"PropertyValueSpecification\",\"valueRequired\":true,\"valueName\":\"search_term_string\"}}],\"inLanguage\":\"de\"}]}<\/script>\n<!-- \/ Yoast SEO plugin. -->","yoast_head_json":{"title":"Rechtliche Hinweise - ODIGO","robots":{"index":"index","follow":"follow","max-snippet":"max-snippet:-1","max-image-preview":"max-image-preview:large","max-video-preview":"max-video-preview:-1"},"canonical":"https:\/\/odigo-dm.com\/de\/rechtliche-hinweise\/","og_locale":"de_DE","og_type":"article","og_title":"Rechtliche Hinweise - ODIGO","og_description":"Rechtliche Hinweise Die vorliegende Website https:\/\/odigo-dm.com wird von der Firma Vprint SA mit Sitz in Boulevard Industriel, 95, 7700 Mouscron herausgegeben.\u2022 Umsatzsteuer-Identifikationsnummer: BE0401264452Verantwortlich f\u00fcr die Ver\u00f6ffentlichung dieser Website ist Vprint SA.Die administrative und technische Verwaltung wird von L.M. SRL \u00fcbernommen.Die Website wird von hetzner.com mit Sitz in Industriestr. 25,91710 Gunzenhausen, Deutschland, gehostet. Zugang zur WebsiteDer [&hellip;]","og_url":"https:\/\/odigo-dm.com\/de\/rechtliche-hinweise\/","og_site_name":"ODIGO","article_modified_time":"2025-08-04T11:25:37+00:00","twitter_card":"summary_large_image","twitter_misc":{"Gesch\u00e4tzte Lesezeit":"4\u00a0Minuten"},"schema":{"@context":"https:\/\/schema.org","@graph":[{"@type":"WebPage","@id":"https:\/\/odigo-dm.com\/de\/rechtliche-hinweise\/","url":"https:\/\/odigo-dm.com\/de\/rechtliche-hinweise\/","name":"Rechtliche Hinweise - ODIGO","isPartOf":{"@id":"https:\/\/odigo-dm.com\/de\/#website"},"datePublished":"2025-02-18T10:17:47+00:00","dateModified":"2025-08-04T11:25:37+00:00","breadcrumb":{"@id":"https:\/\/odigo-dm.com\/de\/rechtliche-hinweise\/#breadcrumb"},"inLanguage":"de","potentialAction":[{"@type":"ReadAction","target":["https:\/\/odigo-dm.com\/de\/rechtliche-hinweise\/"]}]},{"@type":"BreadcrumbList","@id":"https:\/\/odigo-dm.com\/de\/rechtliche-hinweise\/#breadcrumb","itemListElement":[{"@type":"ListItem","position":1,"name":"Accueil","item":"https:\/\/odigo-dm.com\/de\/"},{"@type":"ListItem","position":2,"name":"Rechtliche Hinweise"}]},{"@type":"WebSite","@id":"https:\/\/odigo-dm.com\/de\/#website","url":"https:\/\/odigo-dm.com\/de\/","name":"ODIGO","description":"Simply Different.","potentialAction":[{"@type":"SearchAction","target":{"@type":"EntryPoint","urlTemplate":"https:\/\/odigo-dm.com\/de\/?s={search_term_string}"},"query-input":{"@type":"PropertyValueSpecification","valueRequired":true,"valueName":"search_term_string"}}],"inLanguage":"de"}]}},"_links":{"self":[{"href":"https:\/\/odigo-dm.com\/de\/wp-json\/wp\/v2\/pages\/7399","targetHints":{"allow":["GET"]}}],"collection":[{"href":"https:\/\/odigo-dm.com\/de\/wp-json\/wp\/v2\/pages"}],"about":[{"href":"https:\/\/odigo-dm.com\/de\/wp-json\/wp\/v2\/types\/page"}],"author":[{"embeddable":true,"href":"https:\/\/odigo-dm.com\/de\/wp-json\/wp\/v2\/users\/6"}],"replies":[{"embeddable":true,"href":"https:\/\/odigo-dm.com\/de\/wp-json\/wp\/v2\/comments?post=7399"}],"version-history":[{"count":5,"href":"https:\/\/odigo-dm.com\/de\/wp-json\/wp\/v2\/pages\/7399\/revisions"}],"predecessor-version":[{"id":7406,"href":"https:\/\/odigo-dm.com\/de\/wp-json\/wp\/v2\/pages\/7399\/revisions\/7406"}],"wp:attachment":[{"href":"https:\/\/odigo-dm.com\/de\/wp-json\/wp\/v2\/media?parent=7399"}],"curies":[{"name":"wp","href":"https:\/\/api.w.org\/{rel}","templated":true}]}}